{"id":4860,"date":"2024-05-10T13:48:50","date_gmt":"2024-05-10T13:48:50","guid":{"rendered":"https:\/\/zeffirino-restaurant.com\/dunyada-zeffirino\/"},"modified":"2025-12-30T11:10:59","modified_gmt":"2025-12-30T11:10:59","slug":"dunyada-zeffirino","status":"publish","type":"page","link":"https:\/\/zeffirino-restaurant.com\/tr\/dunyada-zeffirino\/","title":{"rendered":"D\u00fcnyada Zeffirino"},"content":{"rendered":"<div class=\"wpb-content-wrapper\"><p>[vc_row row_height_percent=&#8221;0&#8243; back_image=&#8221;932&#8243; overlay_alpha=&#8221;50&#8243; gutter_size=&#8221;3&#8243; column_width_percent=&#8221;100&#8243; shift_y=&#8221;0&#8243; z_index=&#8221;0&#8243; content_parallax=&#8221;0&#8243; uncode_shortcode_id=&#8221;172671&#8243;][vc_column width=&#8221;1\/1&#8243;][vc_row_inner row_inner_height_percent=&#8221;0&#8243; overlay_alpha=&#8221;50&#8243; gutter_size=&#8221;3&#8243; shift_y=&#8221;0&#8243; z_index=&#8221;0&#8243; medium_visibility=&#8221;yes&#8221; mobile_visibility=&#8221;yes&#8221; uncode_shortcode_id=&#8221;148940&#8243;][vc_column_inner column_width_percent=&#8221;100&#8243; align_horizontal=&#8221;align_center&#8221; gutter_size=&#8221;3&#8243; overlay_alpha=&#8221;50&#8243; shift_x=&#8221;0&#8243; shift_y=&#8221;0&#8243; shift_y_down=&#8221;0&#8243; z_index=&#8221;0&#8243; medium_width=&#8221;0&#8243; mobile_width=&#8221;0&#8243; width=&#8221;1\/1&#8243; uncode_shortcode_id=&#8221;123043&#8243;][vc_single_image media=&#8221;195&#8243; media_width_percent=&#8221;3&#8243; alignment=&#8221;center&#8221; uncode_shortcode_id=&#8221;623162&#8243;][vc_column_text text_lead=&#8221;yes&#8221; text_color=&#8221;color-728538&#8243; uncode_shortcode_id=&#8221;344455&#8243; text_color_type=&#8221;uncode-palette&#8221;]<span class=\"font-135913\">Uluslararas\u0131 alanda<\/span>[\/vc_column_text][vc_custom_heading heading_semantic=&#8221;h1&#8243; text_size=&#8221;h1&#8243; uncode_shortcode_id=&#8221;183535&#8243;]D\u00fcnyada Zeffirino[\/vc_custom_heading][vc_empty_space empty_h=&#8221;2&#8243;][vc_column_text uncode_shortcode_id=&#8221;153032&#8243;]<span class=\"font-135913\">1939 y\u0131l\u0131nda Cenova\u2019da do\u011fan Zeffirino restoran\u0131 uluslararas\u0131 alanda parl\u0131yor. \u0130talyan mutfa\u011f\u0131 tutkunlar\u0131, Zeffirino\u2019nun nefis tatlar\u0131 ve b\u00fcy\u00fcleyici pesto aromalar\u0131yla \u0130talya\u2019n\u0131n kalbi Ligurya\u2019ya yolculuk yapabilirler. <\/span>[\/vc_column_text][vc_empty_space empty_h=&#8221;2&#8243;][\/vc_column_inner][\/vc_row_inner][vc_row_inner row_inner_height_percent=&#8221;0&#8243; overlay_alpha=&#8221;50&#8243; gutter_size=&#8221;3&#8243; shift_y=&#8221;0&#8243; z_index=&#8221;0&#8243; desktop_visibility=&#8221;yes&#8221; uncode_shortcode_id=&#8221;897357&#8243;][vc_column_inner column_width_percent=&#8221;100&#8243; align_horizontal=&#8221;align_center&#8221; gutter_size=&#8221;3&#8243; overlay_alpha=&#8221;50&#8243; shift_x=&#8221;0&#8243; shift_y=&#8221;0&#8243; shift_y_down=&#8221;0&#8243; z_index=&#8221;0&#8243; medium_width=&#8221;0&#8243; mobile_width=&#8221;0&#8243; width=&#8221;1\/1&#8243; uncode_shortcode_id=&#8221;123043&#8243;][vc_single_image media=&#8221;195&#8243; media_width_percent=&#8221;8&#8243; alignment=&#8221;center&#8221; uncode_shortcode_id=&#8221;189529&#8243;][vc_column_text text_lead=&#8221;yes&#8221; text_color=&#8221;color-728538&#8243; uncode_shortcode_id=&#8221;207839&#8243; text_color_type=&#8221;uncode-palette&#8221;]<span class=\"font-135913\">Uluslararas\u0131 alanda<\/span>[\/vc_column_text][vc_custom_heading heading_semantic=&#8221;h1&#8243; text_size=&#8221;h1&#8243; uncode_shortcode_id=&#8221;290726&#8243;]D\u00fcnyada Zeffirino[\/vc_custom_heading][vc_empty_space empty_h=&#8221;2&#8243;][vc_column_text uncode_shortcode_id=&#8221;104015&#8243;]<span class=\"font-135913\">1939 y\u0131l\u0131nda Cenova\u2019da do\u011fan Zeffirino restoran\u0131 uluslararas\u0131 alanda parl\u0131yor. \u0130talyan mutfa\u011f\u0131 tutkunlar\u0131, Zeffirino\u2019nun nefis tatlar\u0131 ve b\u00fcy\u00fcleyici pesto aromalar\u0131yla \u0130talya\u2019n\u0131n kalbi Ligurya\u2019ya yolculuk yapabilirler. <\/span>[\/vc_column_text][\/vc_column_inner][\/vc_row_inner][vc_single_image media=&#8221;4864&#8243; media_width_percent=&#8221;60&#8243; alignment=&#8221;center&#8221; uncode_shortcode_id=&#8221;605315&#8243;][vc_empty_space empty_h=&#8221;2&#8243;][vc_row_inner row_inner_height_percent=&#8221;0&#8243; overlay_alpha=&#8221;50&#8243; gutter_size=&#8221;3&#8243; shift_y=&#8221;0&#8243; z_index=&#8221;0&#8243; medium_visibility=&#8221;yes&#8221; mobile_visibility=&#8221;yes&#8221; uncode_shortcode_id=&#8221;104529&#8243;][vc_column_inner column_width_percent=&#8221;100&#8243; align_horizontal=&#8221;align_center&#8221; gutter_size=&#8221;3&#8243; overlay_alpha=&#8221;50&#8243; shift_x=&#8221;0&#8243; shift_y=&#8221;0&#8243; shift_y_down=&#8221;0&#8243; z_index=&#8221;0&#8243; medium_width=&#8221;0&#8243; mobile_width=&#8221;0&#8243; width=&#8221;1\/1&#8243; uncode_shortcode_id=&#8221;130466&#8243;][vc_single_image media=&#8221;195&#8243; media_width_percent=&#8221;3&#8243; alignment=&#8221;center&#8221; uncode_shortcode_id=&#8221;664217&#8243;][vc_column_text uncode_shortcode_id=&#8221;689687&#8243;]<span class=\"font-135913\">Monako\u2019dan Paris\u2019e uzanan bu geni\u015fleme, ger\u00e7ek bir gastronomi yolculu\u011funa davettir.<\/span>[\/vc_column_text][\/vc_column_inner][\/vc_row_inner][vc_empty_space empty_h=&#8221;2&#8243;][vc_row_inner row_inner_height_percent=&#8221;0&#8243; overlay_alpha=&#8221;50&#8243; gutter_size=&#8221;3&#8243; shift_y=&#8221;0&#8243; z_index=&#8221;0&#8243; desktop_visibility=&#8221;yes&#8221; uncode_shortcode_id=&#8221;745589&#8243;][vc_column_inner column_width_percent=&#8221;100&#8243; align_horizontal=&#8221;align_center&#8221; gutter_size=&#8221;3&#8243; overlay_alpha=&#8221;50&#8243; shift_x=&#8221;0&#8243; shift_y=&#8221;0&#8243; shift_y_down=&#8221;0&#8243; z_index=&#8221;0&#8243; medium_width=&#8221;0&#8243; mobile_width=&#8221;0&#8243; width=&#8221;1\/1&#8243; uncode_shortcode_id=&#8221;130466&#8243;][vc_single_image media=&#8221;195&#8243; media_width_percent=&#8221;8&#8243; alignment=&#8221;center&#8221; uncode_shortcode_id=&#8221;950010&#8243;][vc_column_text uncode_shortcode_id=&#8221;189048&#8243;]<span class=\"font-135913\">Monako\u2019dan Paris\u2019e uzanan bu geni\u015fleme, ger\u00e7ek bir gastronomi yolculu\u011funa davettir.<\/span>[\/vc_column_text][\/vc_column_inner][\/vc_row_inner][vc_empty_space empty_h=&#8221;2&#8243;][\/vc_column][\/vc_row][vc_row unlock_row_content=&#8221;yes&#8221; row_height_percent=&#8221;0&#8243; override_padding=&#8221;yes&#8221; h_padding=&#8221;0&#8243; top_padding=&#8221;4&#8243; bottom_padding=&#8221;4&#8243; back_color=&#8221;color-176076&#8243; overlay_alpha=&#8221;50&#8243; gutter_size=&#8221;3&#8243; column_width_percent=&#8221;100&#8243; shift_y=&#8221;-5&#8243; shift_y_fixed=&#8221;yes&#8221; z_index=&#8221;0&#8243; content_parallax=&#8221;0&#8243; uncode_shortcode_id=&#8221;340740&#8243; back_color_type=&#8221;uncode-palette&#8221;][vc_column column_width_percent=&#8221;100&#8243; position_vertical=&#8221;middle&#8221; align_horizontal=&#8221;align_center&#8221; gutter_size=&#8221;3&#8243; overlay_alpha=&#8221;50&#8243; shift_x=&#8221;0&#8243; shift_y=&#8221;0&#8243; shift_y_down=&#8221;0&#8243; z_index=&#8221;0&#8243; medium_width=&#8221;0&#8243; mobile_width=&#8221;0&#8243; width=&#8221;1\/1&#8243; uncode_shortcode_id=&#8221;116957&#8243;][vc_empty_space empty_h=&#8221;3&#8243;][vc_single_image media=&#8221;407&#8243; media_width_percent=&#8221;5&#8243; alignment=&#8221;center&#8221; uncode_shortcode_id=&#8221;417323&#8243;][vc_custom_heading heading_semantic=&#8221;h1&#8243; text_size=&#8221;h1&#8243; uncode_shortcode_id=&#8221;730779&#8243;]Destinasyonlar\u0131m\u0131z\u0131 ke\u015ffedin[\/vc_custom_heading][vc_column_text text_lead=&#8221;yes&#8221; uncode_shortcode_id=&#8221;185855&#8243;]<span class=\"font-135913\"><a title=\"Cenova\" href=\"https:\/\/zeffirino-restaurant.com\/tr\/cenova\/\">Cenova<\/a><br \/>\n&#8211;<br \/>\n<a title=\"Paris\" href=\"https:\/\/zeffirino-restaurant.com\/tr\/paris\/\">Paris<\/a><br \/>\n&#8211;<br \/>\n<a title=\"Monako\" href=\"https:\/\/zeffirino-restaurant.com\/tr\/monaco\/\">Monako<\/a><br \/>\n&#8211;<br \/>\n<a title=\"\u0130stanbul\" href=\"https:\/\/zeffirino-restaurant.com\/tr\/istanbul\/\">Istanbul<\/a><br \/>\n&#8211;<br \/>\n<a href=\"https:\/\/diriyahseason.sa\/en\/restaurants\/zefferino\">Riyadh<\/a><\/span>[\/vc_column_text][\/vc_column][\/vc_row][vc_row unlock_row_content=&#8221;yes&#8221; row_height_percent=&#8221;40&#8243; override_padding=&#8221;yes&#8221; h_padding=&#8221;0&#8243; top_padding=&#8221;0&#8243; bottom_padding=&#8221;0&#8243; back_image=&#8221;1239&#8243; parallax=&#8221;yes&#8221; overlay_color=&#8221;color-jevc&#8221; overlay_alpha=&#8221;50&#8243; gutter_size=&#8221;3&#8243; column_width_percent=&#8221;100&#8243; shift_y=&#8221;0&#8243; z_index=&#8221;0&#8243; medium_visibility=&#8221;yes&#8221; mobile_visibility=&#8221;yes&#8221; content_parallax=&#8221;0&#8243; uncode_shortcode_id=&#8221;194565&#8243; overlay_color_type=&#8221;uncode-palette&#8221;][vc_column width=&#8221;1\/1&#8243;][\/vc_column][\/vc_row][vc_row unlock_row_content=&#8221;yes&#8221; row_height_percent=&#8221;80&#8243; back_image=&#8221;1239&#8243; parallax=&#8221;yes&#8221; overlay_color=&#8221;color-jevc&#8221; overlay_alpha=&#8221;50&#8243; gutter_size=&#8221;3&#8243; column_width_percent=&#8221;100&#8243; shift_y=&#8221;0&#8243; z_index=&#8221;0&#8243; desktop_visibility=&#8221;yes&#8221; uncode_shortcode_id=&#8221;423459&#8243; overlay_color_type=&#8221;uncode-palette&#8221;][vc_column width=&#8221;1\/1&#8243;][vc_empty_space empty_h=&#8221;3&#8243;][\/vc_column][\/vc_row][vc_row][vc_column width=&#8221;1\/1&#8243;][vc_empty_space empty_h=&#8221;2&#8243;][vc_row_inner row_inner_height_percent=&#8221;0&#8243; overlay_alpha=&#8221;50&#8243; gutter_size=&#8221;3&#8243; shift_y=&#8221;0&#8243; z_index=&#8221;0&#8243; medium_visibility=&#8221;yes&#8221; mobile_visibility=&#8221;yes&#8221; uncode_shortcode_id=&#8221;171646&#8243;][vc_column_inner column_width_percent=&#8221;100&#8243; align_horizontal=&#8221;align_center&#8221; gutter_size=&#8221;3&#8243; overlay_alpha=&#8221;50&#8243; shift_x=&#8221;0&#8243; shift_y=&#8221;0&#8243; shift_y_down=&#8221;0&#8243; z_index=&#8221;0&#8243; medium_width=&#8221;0&#8243; mobile_width=&#8221;0&#8243; width=&#8221;1\/1&#8243; uncode_shortcode_id=&#8221;123043&#8243;][vc_single_image media=&#8221;195&#8243; media_width_percent=&#8221;3&#8243; alignment=&#8221;center&#8221; uncode_shortcode_id=&#8221;623162&#8243;][vc_column_text text_lead=&#8221;yes&#8221; text_color=&#8221;color-728538&#8243; uncode_shortcode_id=&#8221;256305&#8243; text_color_type=&#8221;uncode-palette&#8221;]<span class=\"font-135913\">Riccardo Giraudi<\/span>[\/vc_column_text][vc_custom_heading text_size=&#8221;h1&#8243; uncode_shortcode_id=&#8221;791556&#8243;]Uluslararas\u0131 geni\u015fleme[\/vc_custom_heading][vc_empty_space empty_h=&#8221;2&#8243;][vc_column_text uncode_shortcode_id=&#8221;125957&#8243;]<span class=\"font-135913\">\u0130talya s\u0131n\u0131rlar\u0131n\u0131n \u00f6tesinde ger\u00e7ekle\u015fen bu cesur geni\u015fleme, uluslararas\u0131 \u00e7apta tan\u0131nan restoran i\u015fletmecisi Riccardo Giraudi ile Zeffirino ailesinin \u00f6nemli bulu\u015fmas\u0131 sayesinde m\u00fcmk\u00fcn oldu.<\/span>[\/vc_column_text][vc_empty_space empty_h=&#8221;2&#8243;][\/vc_column_inner][\/vc_row_inner][vc_row_inner row_inner_height_percent=&#8221;0&#8243; overlay_alpha=&#8221;50&#8243; gutter_size=&#8221;3&#8243; shift_y=&#8221;0&#8243; z_index=&#8221;0&#8243; desktop_visibility=&#8221;yes&#8221; uncode_shortcode_id=&#8221;224484&#8243;][vc_column_inner column_width_percent=&#8221;100&#8243; align_horizontal=&#8221;align_center&#8221; gutter_size=&#8221;3&#8243; overlay_alpha=&#8221;50&#8243; shift_x=&#8221;0&#8243; shift_y=&#8221;0&#8243; shift_y_down=&#8221;0&#8243; z_index=&#8221;0&#8243; medium_width=&#8221;0&#8243; mobile_width=&#8221;0&#8243; width=&#8221;1\/1&#8243; uncode_shortcode_id=&#8221;123043&#8243;][vc_single_image media=&#8221;195&#8243; media_width_percent=&#8221;8&#8243; alignment=&#8221;center&#8221; uncode_shortcode_id=&#8221;489905&#8243;][vc_column_text text_lead=&#8221;yes&#8221; text_color=&#8221;color-728538&#8243; uncode_shortcode_id=&#8221;204053&#8243; text_color_type=&#8221;uncode-palette&#8221;]Riccardo Giraudi[\/vc_column_text][vc_custom_heading text_size=&#8221;h1&#8243; uncode_shortcode_id=&#8221;177157&#8243;]<span class=\"font-135913\">Uluslararas\u0131 geni\u015fleme<\/span>[\/vc_custom_heading][vc_empty_space empty_h=&#8221;2&#8243;][vc_column_text uncode_shortcode_id=&#8221;522684&#8243;]<span class=\"font-135913\">\u0130talya s\u0131n\u0131rlar\u0131n\u0131n \u00f6tesinde ger\u00e7ekle\u015fen bu cesur geni\u015fleme, uluslararas\u0131 \u00e7apta tan\u0131nan restoran i\u015fletmecisi Riccardo Giraudi ile Zeffirino ailesinin \u00f6nemli bulu\u015fmas\u0131 sayesinde m\u00fcmk\u00fcn oldu.<\/span>[\/vc_column_text][vc_empty_space empty_h=&#8221;2&#8243;][\/vc_column_inner][\/vc_row_inner][vc_row_inner][vc_column_inner column_width_percent=&#8221;100&#8243; position_vertical=&#8221;middle&#8221; gutter_size=&#8221;3&#8243; overlay_alpha=&#8221;50&#8243; shift_x=&#8221;0&#8243; shift_y=&#8221;0&#8243; shift_y_down=&#8221;0&#8243; z_index=&#8221;0&#8243; medium_width=&#8221;0&#8243; mobile_width=&#8221;0&#8243; width=&#8221;1\/6&#8243; uncode_shortcode_id=&#8221;747089&#8243;][\/vc_column_inner][vc_column_inner column_width_percent=&#8221;100&#8243; position_vertical=&#8221;middle&#8221; gutter_size=&#8221;3&#8243; overlay_alpha=&#8221;50&#8243; border_color=&#8221;color-728538&#8243; preserve_border=&#8221;yes&#8221; preserve_border_tablet=&#8221;yes&#8221; preserve_border_mobile=&#8221;yes&#8221; shift_x=&#8221;0&#8243; shift_y=&#8221;0&#8243; shift_y_down=&#8221;0&#8243; z_index=&#8221;0&#8243; medium_width=&#8221;0&#8243; mobile_width=&#8221;0&#8243; width=&#8221;2\/3&#8243; uncode_shortcode_id=&#8221;893784&#8243; border_color_type=&#8221;uncode-palette&#8221;][vc_single_image media=&#8221;4866&#8243; media_width_percent=&#8221;100&#8243; alignment=&#8221;center&#8221; uncode_shortcode_id=&#8221;115036&#8243;][\/vc_column_inner][vc_column_inner column_width_percent=&#8221;100&#8243; position_vertical=&#8221;middle&#8221; gutter_size=&#8221;3&#8243; overlay_alpha=&#8221;50&#8243; shift_x=&#8221;0&#8243; shift_y=&#8221;0&#8243; shift_y_down=&#8221;0&#8243; z_index=&#8221;0&#8243; medium_width=&#8221;0&#8243; mobile_width=&#8221;0&#8243; width=&#8221;1\/6&#8243; uncode_shortcode_id=&#8221;122250&#8243;][\/vc_column_inner][\/vc_row_inner][vc_row_inner row_inner_height_percent=&#8221;0&#8243; overlay_alpha=&#8221;50&#8243; gutter_size=&#8221;3&#8243; shift_y=&#8221;0&#8243; z_index=&#8221;0&#8243; medium_visibility=&#8221;yes&#8221; mobile_visibility=&#8221;yes&#8221; uncode_shortcode_id=&#8221;147831&#8243;][vc_column_inner column_width_percent=&#8221;100&#8243; align_horizontal=&#8221;align_center&#8221; gutter_size=&#8221;3&#8243; overlay_alpha=&#8221;50&#8243; shift_x=&#8221;0&#8243; shift_y=&#8221;0&#8243; shift_y_down=&#8221;0&#8243; z_index=&#8221;0&#8243; medium_width=&#8221;0&#8243; mobile_width=&#8221;0&#8243; width=&#8221;1\/1&#8243; uncode_shortcode_id=&#8221;130466&#8243;][vc_single_image media=&#8221;195&#8243; media_width_percent=&#8221;3&#8243; alignment=&#8221;center&#8221; uncode_shortcode_id=&#8221;664217&#8243;][vc_column_text uncode_shortcode_id=&#8221;542285&#8243;]<span class=\"font-135913\">Birlikte ortak bir vizyon payla\u015ft\u0131lar: bu inan\u0131lmaz restoran\u0131 ve simge niteli\u011findeki tariflerini, Paris ve Monako\u2019dan ba\u015flayarak d\u00fcnya \u00e7ap\u0131nda tan\u0131tmak ve yaymak.<\/span>[\/vc_column_text][\/vc_column_inner][\/vc_row_inner][vc_row_inner row_inner_height_percent=&#8221;0&#8243; overlay_alpha=&#8221;50&#8243; gutter_size=&#8221;3&#8243; shift_y=&#8221;0&#8243; z_index=&#8221;0&#8243; desktop_visibility=&#8221;yes&#8221; uncode_shortcode_id=&#8221;146918&#8243;][vc_column_inner column_width_percent=&#8221;100&#8243; align_horizontal=&#8221;align_center&#8221; gutter_size=&#8221;3&#8243; overlay_alpha=&#8221;50&#8243; shift_x=&#8221;0&#8243; shift_y=&#8221;0&#8243; shift_y_down=&#8221;0&#8243; z_index=&#8221;0&#8243; medium_width=&#8221;0&#8243; mobile_width=&#8221;0&#8243; width=&#8221;1\/1&#8243; uncode_shortcode_id=&#8221;130466&#8243;][vc_single_image media=&#8221;195&#8243; media_width_percent=&#8221;8&#8243; alignment=&#8221;center&#8221; uncode_shortcode_id=&#8221;111107&#8243;][vc_column_text uncode_shortcode_id=&#8221;154004&#8243;]<span class=\"font-135913\">Birlikte ortak bir vizyon payla\u015ft\u0131lar: bu inan\u0131lmaz restoran\u0131 ve simge niteli\u011findeki tariflerini, Paris ve Monako\u2019dan ba\u015flayarak d\u00fcnya \u00e7ap\u0131nda tan\u0131tmak ve yaymak.<\/span>[\/vc_column_text][\/vc_column_inner][\/vc_row_inner][\/vc_column][\/vc_row]<\/p>\n<\/div>","protected":false},"excerpt":{"rendered":"<p>[vc_row row_height_percent=&#8221;0&#8243; back_image=&#8221;932&#8243; overlay_alpha=&#8221;50&#8243; gutter_size=&#8221;3&#8243; column_width_percent=&#8221;100&#8243; shift_y=&#8221;0&#8243; z_index=&#8221;0&#8243; content_parallax=&#8221;0&#8243; uncode_shortcode_id=&#8221;172671&#8243;][vc_column width=&#8221;1\/1&#8243;][vc_row_inner row_inner_height_percent=&#8221;0&#8243; overlay_alpha=&#8221;50&#8243; gutter_size=&#8221;3&#8243; shift_y=&#8221;0&#8243; z_index=&#8221;0&#8243; medium_visibility=&#8221;yes&#8221; mobile_visibility=&#8221;yes&#8221; uncode_shortcode_id=&#8221;148940&#8243;][vc_column_inner column_width_percent=&#8221;100&#8243; [&hellip;]<\/p>\n","protected":false},"author":1,"featured_media":0,"parent":0,"menu_order":0,"comment_status":"closed","ping_status":"closed","template":"","meta":{"footnotes":""},"class_list":["post-4860","page","type-page","status-publish","hentry"],"aioseo_notices":[],"_links":{"self":[{"href":"https:\/\/zeffirino-restaurant.com\/tr\/wp-json\/wp\/v2\/pages\/4860","targetHints":{"allow":["GET"]}}],"collection":[{"href":"https:\/\/zeffirino-restaurant.com\/tr\/wp-json\/wp\/v2\/pages"}],"about":[{"href":"https:\/\/zeffirino-restaurant.com\/tr\/wp-json\/wp\/v2\/types\/page"}],"author":[{"embeddable":true,"href":"https:\/\/zeffirino-restaurant.com\/tr\/wp-json\/wp\/v2\/users\/1"}],"replies":[{"embeddable":true,"href":"https:\/\/zeffirino-restaurant.com\/tr\/wp-json\/wp\/v2\/comments?post=4860"}],"version-history":[{"count":10,"href":"https:\/\/zeffirino-restaurant.com\/tr\/wp-json\/wp\/v2\/pages\/4860\/revisions"}],"predecessor-version":[{"id":5379,"href":"https:\/\/zeffirino-restaurant.com\/tr\/wp-json\/wp\/v2\/pages\/4860\/revisions\/5379"}],"wp:attachment":[{"href":"https:\/\/zeffirino-restaurant.com\/tr\/wp-json\/wp\/v2\/media?parent=4860"}],"curies":[{"name":"wp","href":"https:\/\/api.w.org\/{rel}","templated":true}]}}