{"id":4756,"date":"2024-01-05T08:32:21","date_gmt":"2024-01-05T08:32:21","guid":{"rendered":"https:\/\/zeffirino-restaurant.com\/yakinda-aciliyor\/"},"modified":"2025-07-30T14:48:23","modified_gmt":"2025-07-30T14:48:23","slug":"yakinda-aciliyor","status":"publish","type":"page","link":"https:\/\/zeffirino-restaurant.com\/tr\/yakinda-aciliyor\/","title":{"rendered":"Yak\u0131nda A\u00e7\u0131l\u0131yor"},"content":{"rendered":"<div class=\"wpb-content-wrapper\"><p>[vc_row unlock_row_content=&#8221;yes&#8221; row_height_percent=&#8221;100&#8243; override_padding=&#8221;yes&#8221; h_padding=&#8221;2&#8243; top_padding=&#8221;2&#8243; bottom_padding=&#8221;2&#8243; back_color=&#8221;color-104883&#8243; overlay_alpha=&#8221;50&#8243; gutter_size=&#8221;3&#8243; column_width_percent=&#8221;57&#8243; shift_y=&#8221;0&#8243; z_index=&#8221;0&#8243; mobile_visibility=&#8221;yes&#8221; uncode_shortcode_id=&#8221;927238&#8243; back_color_type=&#8221;uncode-palette&#8221;][vc_column column_width_percent=&#8221;100&#8243; position_vertical=&#8221;middle&#8221; align_horizontal=&#8221;align_center&#8221; gutter_size=&#8221;3&#8243; font_family=&#8221;font-207359&#8243; overlay_alpha=&#8221;50&#8243; shift_x=&#8221;0&#8243; shift_y=&#8221;0&#8243; shift_y_down=&#8221;0&#8243; z_index=&#8221;0&#8243; medium_width=&#8221;0&#8243; mobile_width=&#8221;0&#8243; width=&#8221;1\/1&#8243; uncode_shortcode_id=&#8221;655371&#8243;][vc_row_inner row_inner_height_percent=&#8221;0&#8243; overlay_alpha=&#8221;50&#8243; gutter_size=&#8221;3&#8243; border_color=&#8221;color-728538&#8243; border_style=&#8221;solid&#8221; shift_y=&#8221;0&#8243; z_index=&#8221;0&#8243; medium_visibility=&#8221;yes&#8221; mobile_visibility=&#8221;yes&#8221; uncode_shortcode_id=&#8221;769473&#8243; css=&#8221;.vc_custom_1704446161796{border-top-width: 5px !important;border-right-width: 5px !important;border-bottom-width: 5px !important;border-left-width: 5px !important;padding-top: 200px !important;padding-right: 200px !important;padding-bottom: 200px !important;padding-left: 200px !important;}&#8221; border_color_type=&#8221;uncode-palette&#8221;][vc_column_inner column_width_percent=&#8221;100&#8243; position_vertical=&#8221;middle&#8221; align_horizontal=&#8221;align_center&#8221; gutter_size=&#8221;3&#8243; font_family=&#8221;font-207359&#8243; overlay_alpha=&#8221;50&#8243; shift_x=&#8221;0&#8243; shift_y=&#8221;0&#8243; shift_y_down=&#8221;0&#8243; z_index=&#8221;0&#8243; medium_width=&#8221;0&#8243; mobile_width=&#8221;0&#8243; width=&#8221;1\/1&#8243; uncode_shortcode_id=&#8221;625371&#8243; css=&#8221;.vc_custom_1704446122893{border-bottom-width: 5px !important;}&#8221;][vc_single_image media=&#8221;21&#8243; media_width_percent=&#8221;85&#8243; alignment=&#8221;center&#8221; css_animation=&#8221;zoom-out&#8221; animation_speed=&#8221;1000&#8243; uncode_shortcode_id=&#8221;729204&#8243;][vc_column_text text_lead=&#8221;yes&#8221; text_color=&#8221;color-728538&#8243; uncode_shortcode_id=&#8221;207767&#8243; text_color_type=&#8221;uncode-palette&#8221;]<span class=\"font-207359\">Yak\u0131nda A\u00e7\u0131l\u0131yor<\/span>[\/vc_column_text][vc_column_text text_color=&#8221;color-728538&#8243; uncode_shortcode_id=&#8221;121323&#8243; text_color_type=&#8221;uncode-palette&#8221;]11 rue du Portier, 98000 Monaco[\/vc_column_text][\/vc_column_inner][\/vc_row_inner][vc_row_inner][vc_column_inner column_width_percent=&#8221;100&#8243; position_vertical=&#8221;middle&#8221; align_horizontal=&#8221;align_center&#8221; gutter_size=&#8221;3&#8243; overlay_alpha=&#8221;50&#8243; shift_x=&#8221;0&#8243; shift_y=&#8221;0&#8243; shift_y_down=&#8221;0&#8243; z_index=&#8221;0&#8243; medium_width=&#8221;0&#8243; mobile_width=&#8221;0&#8243; width=&#8221;1\/6&#8243; uncode_shortcode_id=&#8221;126680&#8243;][\/vc_column_inner][vc_column_inner column_width_percent=&#8221;100&#8243; position_vertical=&#8221;middle&#8221; align_horizontal=&#8221;align_center&#8221; gutter_size=&#8221;2&#8243; font_family=&#8221;font-207359&#8243; overlay_alpha=&#8221;50&#8243; shift_x=&#8221;0&#8243; shift_y=&#8221;0&#8243; shift_y_down=&#8221;0&#8243; z_index=&#8221;0&#8243; medium_width=&#8221;0&#8243; mobile_width=&#8221;0&#8243; width=&#8221;2\/3&#8243; uncode_shortcode_id=&#8221;176807&#8243;][vc_column_text text_lead=&#8221;yes&#8221; text_color=&#8221;color-728538&#8243; uncode_shortcode_id=&#8221;384741&#8243; text_color_type=&#8221;uncode-palette&#8221;]B\u00fcltenimize kaydolun[\/vc_column_text][vc_column_text text_lead=&#8221;yes&#8221; text_color=&#8221;color-728538&#8243; uncode_shortcode_id=&#8221;174386&#8243; text_color_type=&#8221;uncode-palette&#8221;]<p class=\"wpcf7-contact-form-not-found\"><strong>Hata:<\/strong> \u0130leti\u015fim formu bulunamad\u0131.<\/p>[\/vc_column_text][\/vc_column_inner][vc_column_inner width=&#8221;1\/6&#8243;][\/vc_column_inner][\/vc_row_inner][\/vc_column][\/vc_row][vc_row unlock_row_content=&#8221;yes&#8221; row_height_percent=&#8221;100&#8243; override_padding=&#8221;yes&#8221; h_padding=&#8221;2&#8243; top_padding=&#8221;2&#8243; bottom_padding=&#8221;2&#8243; back_color=&#8221;color-104883&#8243; overlay_alpha=&#8221;50&#8243; gutter_size=&#8221;0&#8243; column_width_percent=&#8221;100&#8243; shift_y=&#8221;0&#8243; z_index=&#8221;0&#8243; desktop_visibility=&#8221;yes&#8221; medium_visibility=&#8221;yes&#8221; uncode_shortcode_id=&#8221;128264&#8243; back_color_type=&#8221;uncode-palette&#8221;][vc_column column_width_percent=&#8221;100&#8243; position_vertical=&#8221;middle&#8221; align_horizontal=&#8221;align_center&#8221; gutter_size=&#8221;2&#8243; override_padding=&#8221;yes&#8221; column_padding=&#8221;0&#8243; expand_height=&#8221;yes&#8221; font_family=&#8221;font-207359&#8243; overlay_alpha=&#8221;50&#8243; shift_x=&#8221;0&#8243; shift_y=&#8221;0&#8243; shift_y_down=&#8221;0&#8243; z_index=&#8221;0&#8243; medium_width=&#8221;0&#8243; mobile_width=&#8221;0&#8243; width=&#8221;1\/1&#8243; uncode_shortcode_id=&#8221;116855&#8243;][vc_row_inner row_inner_height_percent=&#8221;100&#8243; force_width_grid=&#8221;yes&#8221; overlay_alpha=&#8221;50&#8243; gutter_size=&#8221;0&#8243; shift_y=&#8221;0&#8243; z_index=&#8221;0&#8243; uncode_shortcode_id=&#8221;752942&#8243;][vc_column_inner column_width_percent=&#8221;100&#8243; position_vertical=&#8221;middle&#8221; align_horizontal=&#8221;align_center&#8221; gutter_size=&#8221;3&#8243; override_padding=&#8221;yes&#8221; column_padding=&#8221;2&#8243; expand_height=&#8221;yes&#8221; font_family=&#8221;font-207359&#8243; overlay_alpha=&#8221;50&#8243; preserve_border=&#8221;yes&#8221; preserve_border_mobile=&#8221;yes&#8221; border_color=&#8221;color-728538&#8243; border_style=&#8221;solid&#8221; shift_x=&#8221;0&#8243; shift_y=&#8221;0&#8243; shift_y_down=&#8221;0&#8243; z_index=&#8221;0&#8243; medium_width=&#8221;0&#8243; mobile_width=&#8221;0&#8243; width=&#8221;1\/1&#8243; uncode_shortcode_id=&#8221;167865&#8243; border_color_type=&#8221;uncode-palette&#8221; css=&#8221;.vc_custom_1704444489647{border-top-width: 5px !important;border-right-width: 5px !important;border-bottom-width: 5px !important;border-left-width: 5px !important;}&#8221;][vc_single_image media=&#8221;21&#8243; media_width_percent=&#8221;67&#8243; alignment=&#8221;center&#8221; css_animation=&#8221;zoom-out&#8221; animation_speed=&#8221;1000&#8243; uncode_shortcode_id=&#8221;165870&#8243;][vc_column_text text_lead=&#8221;yes&#8221; text_color=&#8221;color-728538&#8243; uncode_shortcode_id=&#8221;199585&#8243; text_color_type=&#8221;uncode-palette&#8221;]<span class=\"font-207359\">Yak\u0131nda <\/span><span class=\"font-207359\">A\u00e7\u0131l\u0131yor<\/span>[\/vc_column_text][vc_column_text text_color=&#8221;color-728538&#8243; uncode_shortcode_id=&#8221;121323&#8243; text_color_type=&#8221;uncode-palette&#8221;]11 rue du Portier, 98000 Monaco[\/vc_column_text][\/vc_column_inner][\/vc_row_inner][vc_row_inner][vc_column_inner column_width_percent=&#8221;100&#8243; position_vertical=&#8221;middle&#8221; align_horizontal=&#8221;align_center&#8221; gutter_size=&#8221;3&#8243; overlay_alpha=&#8221;50&#8243; shift_x=&#8221;0&#8243; shift_y=&#8221;0&#8243; shift_y_down=&#8221;0&#8243; z_index=&#8221;0&#8243; medium_width=&#8221;0&#8243; mobile_width=&#8221;0&#8243; width=&#8221;1\/6&#8243; uncode_shortcode_id=&#8221;126680&#8243;][\/vc_column_inner][vc_column_inner column_width_percent=&#8221;100&#8243; position_vertical=&#8221;middle&#8221; align_horizontal=&#8221;align_center&#8221; gutter_size=&#8221;2&#8243; font_family=&#8221;font-207359&#8243; overlay_alpha=&#8221;50&#8243; shift_x=&#8221;0&#8243; shift_y=&#8221;0&#8243; shift_y_down=&#8221;0&#8243; z_index=&#8221;0&#8243; medium_width=&#8221;0&#8243; mobile_width=&#8221;0&#8243; width=&#8221;2\/3&#8243; uncode_shortcode_id=&#8221;176807&#8243;][vc_column_text text_color=&#8221;color-728538&#8243; uncode_shortcode_id=&#8221;701056&#8243; text_color_type=&#8221;uncode-palette&#8221;]B\u00fcltenimize kaydolun[\/vc_column_text][vc_column_text text_lead=&#8221;yes&#8221; text_color=&#8221;color-728538&#8243; uncode_shortcode_id=&#8221;808618&#8243; text_color_type=&#8221;uncode-palette&#8221;]<p class=\"wpcf7-contact-form-not-found\"><strong>Hata:<\/strong> \u0130leti\u015fim formu bulunamad\u0131.<\/p>[\/vc_column_text][\/vc_column_inner][vc_column_inner width=&#8221;1\/6&#8243;][\/vc_column_inner][\/vc_row_inner][\/vc_column][\/vc_row]<\/p>\n<\/div>","protected":false},"excerpt":{"rendered":"<p>[vc_row unlock_row_content=&#8221;yes&#8221; row_height_percent=&#8221;100&#8243; override_padding=&#8221;yes&#8221; h_padding=&#8221;2&#8243; top_padding=&#8221;2&#8243; bottom_padding=&#8221;2&#8243; back_color=&#8221;color-104883&#8243; overlay_alpha=&#8221;50&#8243; gutter_size=&#8221;3&#8243; column_width_percent=&#8221;57&#8243; shift_y=&#8221;0&#8243; z_index=&#8221;0&#8243; mobile_visibility=&#8221;yes&#8221; uncode_shortcode_id=&#8221;927238&#8243; back_color_type=&#8221;uncode-palette&#8221;][vc_column column_width_percent=&#8221;100&#8243; position_vertical=&#8221;middle&#8221; align_horizontal=&#8221;align_center&#8221; gutter_size=&#8221;3&#8243; [&hellip;]<\/p>\n","protected":false},"author":1,"featured_media":0,"parent":0,"menu_order":0,"comment_status":"closed","ping_status":"closed","template":"","meta":{"footnotes":""},"class_list":["post-4756","page","type-page","status-publish","hentry"],"aioseo_notices":[],"_links":{"self":[{"href":"https:\/\/zeffirino-restaurant.com\/tr\/wp-json\/wp\/v2\/pages\/4756","targetHints":{"allow":["GET"]}}],"collection":[{"href":"https:\/\/zeffirino-restaurant.com\/tr\/wp-json\/wp\/v2\/pages"}],"about":[{"href":"https:\/\/zeffirino-restaurant.com\/tr\/wp-json\/wp\/v2\/types\/page"}],"author":[{"embeddable":true,"href":"https:\/\/zeffirino-restaurant.com\/tr\/wp-json\/wp\/v2\/users\/1"}],"replies":[{"embeddable":true,"href":"https:\/\/zeffirino-restaurant.com\/tr\/wp-json\/wp\/v2\/comments?post=4756"}],"version-history":[{"count":2,"href":"https:\/\/zeffirino-restaurant.com\/tr\/wp-json\/wp\/v2\/pages\/4756\/revisions"}],"predecessor-version":[{"id":4759,"href":"https:\/\/zeffirino-restaurant.com\/tr\/wp-json\/wp\/v2\/pages\/4756\/revisions\/4759"}],"wp:attachment":[{"href":"https:\/\/zeffirino-restaurant.com\/tr\/wp-json\/wp\/v2\/media?parent=4756"}],"curies":[{"name":"wp","href":"https:\/\/api.w.org\/{rel}","templated":true}]}}