{"id":4722,"date":"2024-06-25T14:50:04","date_gmt":"2024-06-25T14:50:04","guid":{"rendered":"https:\/\/zeffirino-restaurant.com\/menu-paris\/"},"modified":"2026-02-18T13:53:48","modified_gmt":"2026-02-18T13:53:48","slug":"menu-paris","status":"publish","type":"page","link":"https:\/\/zeffirino-restaurant.com\/tr\/menu-paris\/","title":{"rendered":"Men\u00fcler &#8211; Paris"},"content":{"rendered":"<div class=\"wpb-content-wrapper\"><p>[vc_row unlock_row_content=&#8221;yes&#8221; row_height_percent=&#8221;100&#8243; back_image=&#8221;2695&#8243; overlay_color=&#8221;color-jevc&#8221; overlay_alpha=&#8221;40&#8243; gutter_size=&#8221;3&#8243; column_width_percent=&#8221;100&#8243; shift_y=&#8221;0&#8243; z_index=&#8221;0&#8243; uncode_shortcode_id=&#8221;256237&#8243; overlay_color_type=&#8221;uncode-palette&#8221;][vc_column width=&#8221;1\/4&#8243;][\/vc_column][vc_column column_width_percent=&#8221;100&#8243; position_vertical=&#8221;middle&#8221; align_horizontal=&#8221;align_center&#8221; gutter_size=&#8221;3&#8243; override_padding=&#8221;yes&#8221; column_padding=&#8221;3&#8243; back_color=&#8221;color-203016&#8243; overlay_alpha=&#8221;100&#8243; radius=&#8221;std&#8221; shadow=&#8221;std&#8221; shadow_darker=&#8221;yes&#8221; shift_x=&#8221;0&#8243; shift_y=&#8221;0&#8243; shift_y_down=&#8221;0&#8243; z_index=&#8221;0&#8243; medium_width=&#8221;0&#8243; mobile_width=&#8221;0&#8243; width=&#8221;1\/2&#8243; uncode_shortcode_id=&#8221;195682&#8243; back_color_type=&#8221;uncode-palette&#8221;][vc_row_inner row_inner_height_percent=&#8221;0&#8243; overlay_alpha=&#8221;50&#8243; gutter_size=&#8221;3&#8243; shift_y=&#8221;0&#8243; z_index=&#8221;0&#8243; medium_visibility=&#8221;yes&#8221; mobile_visibility=&#8221;yes&#8221; uncode_shortcode_id=&#8221;109696&#8243;][vc_column_inner column_width_percent=&#8221;100&#8243; position_horizontal=&#8221;right&#8221; gutter_size=&#8221;3&#8243; overlay_alpha=&#8221;50&#8243; shift_x=&#8221;0&#8243; shift_y=&#8221;0&#8243; shift_y_down=&#8221;0&#8243; z_index=&#8221;0&#8243; medium_width=&#8221;0&#8243; mobile_width=&#8221;0&#8243; width=&#8221;1\/2&#8243; uncode_shortcode_id=&#8221;176923&#8243;][vc_single_image media=&#8221;4726&#8243; media_width_percent=&#8221;19&#8243; alignment=&#8221;right&#8221; uncode_shortcode_id=&#8221;197079&#8243;][\/vc_column_inner][vc_column_inner width=&#8221;1\/2&#8243;][vc_single_image media=&#8221;4723&#8243; media_width_percent=&#8221;80&#8243; uncode_shortcode_id=&#8221;118454&#8243;][\/vc_column_inner][\/vc_row_inner][vc_row_inner row_inner_height_percent=&#8221;0&#8243; overlay_alpha=&#8221;50&#8243; gutter_size=&#8221;3&#8243; shift_y=&#8221;0&#8243; z_index=&#8221;0&#8243; desktop_visibility=&#8221;yes&#8221; uncode_shortcode_id=&#8221;427609&#8243;][vc_column_inner column_width_percent=&#8221;100&#8243; position_vertical=&#8221;middle&#8221; align_horizontal=&#8221;align_center&#8221; gutter_size=&#8221;3&#8243; overlay_alpha=&#8221;50&#8243; shift_x=&#8221;0&#8243; shift_y=&#8221;0&#8243; shift_y_down=&#8221;0&#8243; z_index=&#8221;0&#8243; medium_width=&#8221;0&#8243; mobile_width=&#8221;0&#8243; width=&#8221;1\/1&#8243; uncode_shortcode_id=&#8221;530546&#8243;][vc_single_image media=&#8221;4726&#8243; media_width_percent=&#8221;100&#8243; alignment=&#8221;center&#8221; uncode_shortcode_id=&#8221;131142&#8243;][vc_single_image media=&#8221;4723&#8243; media_width_percent=&#8221;100&#8243; alignment=&#8221;center&#8221; uncode_shortcode_id=&#8221;235247&#8243;][\/vc_column_inner][\/vc_row_inner][vc_empty_space empty_h=&#8221;1&#8243;][vc_separator sep_color=&#8221;&#8221; uncode_shortcode_id=&#8221;264131&#8243;][vc_row_inner row_inner_height_percent=&#8221;0&#8243; overlay_alpha=&#8221;50&#8243; gutter_size=&#8221;3&#8243; shift_y=&#8221;0&#8243; z_index=&#8221;0&#8243; uncode_shortcode_id=&#8221;878022&#8243;][vc_column_inner column_width_percent=&#8221;100&#8243; align_horizontal=&#8221;align_center&#8221; gutter_size=&#8221;3&#8243; style=&#8221;dark&#8221; overlay_alpha=&#8221;50&#8243; shift_x=&#8221;0&#8243; shift_y=&#8221;0&#8243; shift_y_down=&#8221;0&#8243; z_index=&#8221;0&#8243; medium_width=&#8221;0&#8243; mobile_width=&#8221;0&#8243; width=&#8221;1\/2&#8243; uncode_shortcode_id=&#8221;439570&#8243;][vc_custom_heading heading_semantic=&#8221;div&#8221; text_font=&#8221;font-135913&#8243; text_size=&#8221;fontsize-499108&#8243; uncode_shortcode_id=&#8221;682093&#8243;]<a href=\"https:\/\/zeffirino-restaurant.com\/menus\/paris\/midi-fr.pdf\" target=\"_blank\" rel=\"noopener\">\u00d6\u011eLE YEME\u011e\u0130<\/a>[\/vc_custom_heading][\/vc_column_inner][vc_column_inner column_width_percent=&#8221;100&#8243; align_horizontal=&#8221;align_center&#8221; gutter_size=&#8221;1&#8243; overlay_alpha=&#8221;50&#8243; shift_x=&#8221;0&#8243; shift_y=&#8221;0&#8243; shift_y_down=&#8221;0&#8243; z_index=&#8221;0&#8243; medium_width=&#8221;0&#8243; mobile_width=&#8221;0&#8243; width=&#8221;1\/2&#8243; uncode_shortcode_id=&#8221;136138&#8243;][vc_custom_heading heading_semantic=&#8221;div&#8221; text_font=&#8221;font-135913&#8243; text_size=&#8221;fontsize-499108&#8243; uncode_shortcode_id=&#8221;772251&#8243;]<a href=\"https:\/\/zeffirino-restaurant.com\/menus\/paris\/formule-midi-fr.pdf\" target=\"_blank\" rel=\"noopener\">\u00d6\u011eLE YEME\u011e\u0130 MEN\u00dcS\u00dc<\/a>[\/vc_custom_heading][vc_column_text uncode_shortcode_id=&#8221;113597&#8243;]Hafta sonu hari\u00e7[\/vc_column_text][\/vc_column_inner][\/vc_row_inner][vc_separator sep_color=&#8221;&#8221; uncode_shortcode_id=&#8221;176301&#8243;][vc_custom_heading heading_semantic=&#8221;div&#8221; text_font=&#8221;font-135913&#8243; text_size=&#8221;fontsize-499108&#8243; uncode_shortcode_id=&#8221;200560&#8243;]<a href=\"https:\/\/zeffirino-restaurant.com\/menus\/paris\/paris-soir.pdf\" target=\"_blank\" rel=\"noopener\">AK\u015eAM YEME\u011e\u0130<\/a>[\/vc_custom_heading][vc_separator sep_color=&#8221;&#8221; uncode_shortcode_id=&#8221;176301&#8243;][vc_row_inner][vc_column_inner column_width_percent=&#8221;100&#8243; position_vertical=&#8221;middle&#8221; align_horizontal=&#8221;align_center&#8221; gutter_size=&#8221;3&#8243; style=&#8221;dark&#8221; overlay_alpha=&#8221;50&#8243; shift_x=&#8221;0&#8243; shift_y=&#8221;0&#8243; shift_y_down=&#8221;0&#8243; z_index=&#8221;0&#8243; medium_width=&#8221;0&#8243; mobile_width=&#8221;0&#8243; width=&#8221;1\/2&#8243; uncode_shortcode_id=&#8221;807567&#8243;][vc_custom_heading heading_semantic=&#8221;div&#8221; text_font=&#8221;font-135913&#8243; text_size=&#8221;fontsize-499108&#8243; uncode_shortcode_id=&#8221;592671&#8243;]<a href=\"https:\/\/zeffirino-restaurant.com\/menus\/paris\/boissons.pdf\" target=\"_blank\" rel=\"noopener\">\u0130\u00c7ECEKLER<\/a>[\/vc_custom_heading][\/vc_column_inner][vc_column_inner column_width_percent=&#8221;100&#8243; position_vertical=&#8221;middle&#8221; align_horizontal=&#8221;align_center&#8221; gutter_size=&#8221;3&#8243; overlay_alpha=&#8221;50&#8243; shift_x=&#8221;0&#8243; shift_y=&#8221;0&#8243; shift_y_down=&#8221;0&#8243; z_index=&#8221;0&#8243; medium_width=&#8221;0&#8243; mobile_width=&#8221;0&#8243; width=&#8221;1\/2&#8243; uncode_shortcode_id=&#8221;375449&#8243;][vc_custom_heading heading_semantic=&#8221;div&#8221; text_font=&#8221;font-135913&#8243; text_size=&#8221;fontsize-499108&#8243; uncode_shortcode_id=&#8221;172808&#8243;]<a href=\"https:\/\/zeffirino-restaurant.com\/menus\/paris\/vins.pdf\" target=\"_blank\" rel=\"noopener\">\u015eARAPLAR<\/a>[\/vc_custom_heading][\/vc_column_inner][\/vc_row_inner][vc_separator sep_color=&#8221;&#8221; uncode_shortcode_id=&#8221;176301&#8243;][vc_row_inner][vc_column_inner column_width_percent=&#8221;100&#8243; position_vertical=&#8221;middle&#8221; align_horizontal=&#8221;align_center&#8221; gutter_size=&#8221;3&#8243; style=&#8221;dark&#8221; overlay_alpha=&#8221;50&#8243; shift_x=&#8221;0&#8243; shift_y=&#8221;0&#8243; shift_y_down=&#8221;0&#8243; z_index=&#8221;0&#8243; medium_width=&#8221;0&#8243; mobile_width=&#8221;0&#8243; width=&#8221;1\/1&#8243; uncode_shortcode_id=&#8221;807567&#8243;][vc_custom_heading heading_semantic=&#8221;div&#8221; text_font=&#8221;font-135913&#8243; text_size=&#8221;fontsize-499108&#8243; uncode_shortcode_id=&#8221;473633&#8243;]<a href=\"https:\/\/zeffirino-restaurant.com\/menus\/paris\/paris-dessert.pdf\" target=\"_blank\" rel=\"noopener\">TATLILAR<\/a>[\/vc_custom_heading][\/vc_column_inner][\/vc_row_inner][vc_empty_space empty_h=&#8221;2&#8243;][vc_single_image media=&#8221;195&#8243; media_width_percent=&#8221;3&#8243; alignment=&#8221;center&#8221; uncode_shortcode_id=&#8221;155698&#8243;][vc_button button_color=&#8221;color-728538&#8243; size=&#8221;btn-lg&#8221; custom_typo=&#8221;yes&#8221; font_family=&#8221;font-135913&#8243; font_weight=&#8221;100&#8243; border_width=&#8221;0&#8243; button_color_type=&#8221;uncode-palette&#8221; uncode_shortcode_id=&#8221;877571&#8243; link=&#8221;url:https%3A%2F%2Fwww.sevenrooms.com%2Fexplore%2Fzeffirinoparis%2Freservations%2Fcreate%2Fsearch%3Ftracking%3Dsite-internet%26venues%3Dzeffirinoparis%252Cbeefbarparis%252Clepetitbeefbarparis%252Canahiparis|target:_blank|&#8221;]REZERVASYON[\/vc_button][vc_empty_space empty_h=&#8221;2&#8243;][vc_separator sep_color=&#8221;color-728538&#8243; uncode_shortcode_id=&#8221;990542&#8243; sep_color_type=&#8221;uncode-palette&#8221; el_width=&#8221;50%&#8221;][vc_empty_space empty_h=&#8221;2&#8243;][vc_row_inner row_inner_height_percent=&#8221;0&#8243; overlay_alpha=&#8221;50&#8243; gutter_size=&#8221;3&#8243; shift_y=&#8221;0&#8243; z_index=&#8221;0&#8243; medium_visibility=&#8221;yes&#8221; mobile_visibility=&#8221;yes&#8221; uncode_shortcode_id=&#8221;202975&#8243;][vc_column_inner column_width_percent=&#8221;100&#8243; position_horizontal=&#8221;right&#8221; gutter_size=&#8221;3&#8243; overlay_alpha=&#8221;50&#8243; shift_x=&#8221;0&#8243; shift_y=&#8221;0&#8243; shift_y_down=&#8221;0&#8243; z_index=&#8221;0&#8243; medium_width=&#8221;0&#8243; mobile_width=&#8221;0&#8243; width=&#8221;1\/2&#8243; uncode_shortcode_id=&#8221;176923&#8243;][vc_single_image media=&#8221;4726&#8243; media_width_percent=&#8221;19&#8243; alignment=&#8221;right&#8221; uncode_shortcode_id=&#8221;197079&#8243;][\/vc_column_inner][vc_column_inner width=&#8221;1\/2&#8243;][vc_single_image media=&#8221;4724&#8243; media_width_percent=&#8221;80&#8243; uncode_shortcode_id=&#8221;197361&#8243;][\/vc_column_inner][\/vc_row_inner][vc_row_inner row_inner_height_percent=&#8221;0&#8243; overlay_alpha=&#8221;50&#8243; gutter_size=&#8221;3&#8243; shift_y=&#8221;0&#8243; z_index=&#8221;0&#8243; desktop_visibility=&#8221;yes&#8221; uncode_shortcode_id=&#8221;205967&#8243;][vc_column_inner column_width_percent=&#8221;100&#8243; position_vertical=&#8221;middle&#8221; align_horizontal=&#8221;align_center&#8221; gutter_size=&#8221;3&#8243; overlay_alpha=&#8221;50&#8243; shift_x=&#8221;0&#8243; shift_y=&#8221;0&#8243; shift_y_down=&#8221;0&#8243; z_index=&#8221;0&#8243; medium_width=&#8221;0&#8243; mobile_width=&#8221;0&#8243; width=&#8221;1\/1&#8243; uncode_shortcode_id=&#8221;530546&#8243;][vc_single_image media=&#8221;4726&#8243; media_width_percent=&#8221;100&#8243; alignment=&#8221;center&#8221; uncode_shortcode_id=&#8221;131142&#8243;][vc_single_image media=&#8221;4724&#8243; media_width_percent=&#8221;100&#8243; alignment=&#8221;center&#8221; uncode_shortcode_id=&#8221;204426&#8243;][\/vc_column_inner][\/vc_row_inner][vc_empty_space empty_h=&#8221;1&#8243;][vc_separator sep_color=&#8221;&#8221; uncode_shortcode_id=&#8221;176301&#8243;][vc_row_inner][vc_column_inner column_width_percent=&#8221;100&#8243; align_horizontal=&#8221;align_center&#8221; gutter_size=&#8221;3&#8243; style=&#8221;dark&#8221; overlay_alpha=&#8221;50&#8243; shift_x=&#8221;0&#8243; shift_y=&#8221;0&#8243; shift_y_down=&#8221;0&#8243; z_index=&#8221;0&#8243; medium_width=&#8221;0&#8243; mobile_width=&#8221;0&#8243; width=&#8221;1\/2&#8243; uncode_shortcode_id=&#8221;439570&#8243;][vc_custom_heading heading_semantic=&#8221;div&#8221; text_font=&#8221;font-135913&#8243; text_size=&#8221;fontsize-499108&#8243; uncode_shortcode_id=&#8221;193479&#8243;]<a href=\"https:\/\/zeffirino-restaurant.com\/menus\/paris\/midi-en.pdf\" target=\"_blank\" rel=\"noopener\">\u00d6\u011eLE YEME\u011e\u0130<\/a>[\/vc_custom_heading][\/vc_column_inner][vc_column_inner column_width_percent=&#8221;100&#8243; align_horizontal=&#8221;align_center&#8221; gutter_size=&#8221;1&#8243; overlay_alpha=&#8221;50&#8243; shift_x=&#8221;0&#8243; shift_y=&#8221;0&#8243; shift_y_down=&#8221;0&#8243; z_index=&#8221;0&#8243; medium_width=&#8221;0&#8243; mobile_width=&#8221;0&#8243; width=&#8221;1\/2&#8243; uncode_shortcode_id=&#8221;136138&#8243;][vc_custom_heading heading_semantic=&#8221;div&#8221; text_font=&#8221;font-135913&#8243; text_size=&#8221;fontsize-499108&#8243; uncode_shortcode_id=&#8221;374553&#8243;]<a href=\"https:\/\/zeffirino-restaurant.com\/menus\/paris\/formule-midi-en.pdf\" target=\"_blank\" rel=\"noopener\">\u00d6\u011eLE SET MEN\u00dcS\u00dc<\/a>[\/vc_custom_heading][vc_column_text uncode_shortcode_id=&#8221;592637&#8243;]Hafta sonlar\u0131 hari\u00e7[\/vc_column_text][\/vc_column_inner][\/vc_row_inner][vc_separator sep_color=&#8221;&#8221; uncode_shortcode_id=&#8221;176301&#8243;][vc_custom_heading heading_semantic=&#8221;div&#8221; text_font=&#8221;font-135913&#8243; text_size=&#8221;fontsize-499108&#8243; uncode_shortcode_id=&#8221;795099&#8243;]<a href=\"https:\/\/zeffirino-restaurant.com\/menus\/paris\/paris-dinner-en.pdf\" target=\"_blank\" rel=\"noopener\">AK\u015eAM YEME\u011e\u0130<\/a>[\/vc_custom_heading][vc_separator sep_color=&#8221;&#8221; uncode_shortcode_id=&#8221;176301&#8243;][vc_row_inner][vc_column_inner column_width_percent=&#8221;100&#8243; position_vertical=&#8221;middle&#8221; align_horizontal=&#8221;align_center&#8221; gutter_size=&#8221;3&#8243; style=&#8221;dark&#8221; overlay_alpha=&#8221;50&#8243; shift_x=&#8221;0&#8243; shift_y=&#8221;0&#8243; shift_y_down=&#8221;0&#8243; z_index=&#8221;0&#8243; medium_width=&#8221;0&#8243; mobile_width=&#8221;0&#8243; width=&#8221;1\/2&#8243; uncode_shortcode_id=&#8221;807567&#8243;][vc_custom_heading heading_semantic=&#8221;div&#8221; text_font=&#8221;font-135913&#8243; text_size=&#8221;fontsize-499108&#8243; uncode_shortcode_id=&#8221;342164&#8243;]<a href=\"https:\/\/zeffirino-restaurant.com\/menus\/paris\/boissons.pdf\" target=\"_blank\" rel=\"noopener\">\u0130\u00c7ECEKLER<\/a>[\/vc_custom_heading][\/vc_column_inner][vc_column_inner column_width_percent=&#8221;100&#8243; position_vertical=&#8221;middle&#8221; align_horizontal=&#8221;align_center&#8221; gutter_size=&#8221;3&#8243; overlay_alpha=&#8221;50&#8243; shift_x=&#8221;0&#8243; shift_y=&#8221;0&#8243; shift_y_down=&#8221;0&#8243; z_index=&#8221;0&#8243; medium_width=&#8221;0&#8243; mobile_width=&#8221;0&#8243; width=&#8221;1\/2&#8243; uncode_shortcode_id=&#8221;375449&#8243;][vc_custom_heading heading_semantic=&#8221;div&#8221; text_font=&#8221;font-135913&#8243; text_size=&#8221;fontsize-499108&#8243; uncode_shortcode_id=&#8221;168964&#8243;]<a href=\"https:\/\/zeffirino-restaurant.com\/menus\/paris\/vins.pdf\" target=\"_blank\" rel=\"noopener\">\u015eARAPLA<\/a>[\/vc_custom_heading][\/vc_column_inner][\/vc_row_inner][vc_separator sep_color=&#8221;&#8221; uncode_shortcode_id=&#8221;176301&#8243;][vc_row_inner][vc_column_inner column_width_percent=&#8221;100&#8243; position_vertical=&#8221;middle&#8221; align_horizontal=&#8221;align_center&#8221; gutter_size=&#8221;3&#8243; style=&#8221;dark&#8221; overlay_alpha=&#8221;50&#8243; shift_x=&#8221;0&#8243; shift_y=&#8221;0&#8243; shift_y_down=&#8221;0&#8243; z_index=&#8221;0&#8243; medium_width=&#8221;0&#8243; mobile_width=&#8221;0&#8243; width=&#8221;1\/1&#8243; uncode_shortcode_id=&#8221;807567&#8243;][vc_custom_heading heading_semantic=&#8221;div&#8221; text_font=&#8221;font-135913&#8243; text_size=&#8221;fontsize-499108&#8243; uncode_shortcode_id=&#8221;187835&#8243;]<a href=\"https:\/\/zeffirino-restaurant.com\/menus\/paris\/paris-dessert-en.pdf\" target=\"_blank\" rel=\"noopener\">TATLILAR<\/a><\/p>\n<p>[\/vc_custom_heading][\/vc_column_inner][\/vc_row_inner][vc_empty_space empty_h=&#8221;2&#8243;][vc_single_image media=&#8221;195&#8243; media_width_percent=&#8221;3&#8243; alignment=&#8221;center&#8221; uncode_shortcode_id=&#8221;155698&#8243;][vc_button button_color=&#8221;color-728538&#8243; size=&#8221;btn-lg&#8221; custom_typo=&#8221;yes&#8221; font_family=&#8221;font-135913&#8243; font_weight=&#8221;100&#8243; border_width=&#8221;0&#8243; button_color_type=&#8221;uncode-palette&#8221; uncode_shortcode_id=&#8221;162899&#8243; link=&#8221;url:https%3A%2F%2Fwww.sevenrooms.com%2Fexplore%2Fzeffirinoparis%2Freservations%2Fcreate%2Fsearch%3Ftracking%3Dsite-internet%26venues%3Dzeffirinoparis%252Cbeefbarparis%252Clepetitbeefbarparis%252Canahiparis|target:_blank|&#8221;]REZERVASYON[\/vc_button][vc_empty_space empty_h=&#8221;2&#8243;][\/vc_column][vc_column width=&#8221;1\/4&#8243;][\/vc_column][\/vc_row][vc_row][vc_column width=&#8221;1\/1&#8243;][vc_empty_space empty_h=&#8221;3&#8243;][\/vc_column][\/vc_row]<\/p>\n<\/div>","protected":false},"excerpt":{"rendered":"<p>[vc_row unlock_row_content=&#8221;yes&#8221; row_height_percent=&#8221;100&#8243; back_image=&#8221;2695&#8243; overlay_color=&#8221;color-jevc&#8221; overlay_alpha=&#8221;40&#8243; gutter_size=&#8221;3&#8243; column_width_percent=&#8221;100&#8243; shift_y=&#8221;0&#8243; z_index=&#8221;0&#8243; uncode_shortcode_id=&#8221;256237&#8243; overlay_color_type=&#8221;uncode-palette&#8221;][vc_column width=&#8221;1\/4&#8243;][\/vc_column][vc_column column_width_percent=&#8221;100&#8243; position_vertical=&#8221;middle&#8221; align_horizontal=&#8221;align_center&#8221; gutter_size=&#8221;3&#8243; override_padding=&#8221;yes&#8221; column_padding=&#8221;3&#8243; back_color=&#8221;color-203016&#8243; [&hellip;]<\/p>\n","protected":false},"author":1,"featured_media":0,"parent":0,"menu_order":0,"comment_status":"closed","ping_status":"closed","template":"","meta":{"footnotes":""},"class_list":["post-4722","page","type-page","status-publish","hentry"],"aioseo_notices":[],"_links":{"self":[{"href":"https:\/\/zeffirino-restaurant.com\/tr\/wp-json\/wp\/v2\/pages\/4722","targetHints":{"allow":["GET"]}}],"collection":[{"href":"https:\/\/zeffirino-restaurant.com\/tr\/wp-json\/wp\/v2\/pages"}],"about":[{"href":"https:\/\/zeffirino-restaurant.com\/tr\/wp-json\/wp\/v2\/types\/page"}],"author":[{"embeddable":true,"href":"https:\/\/zeffirino-restaurant.com\/tr\/wp-json\/wp\/v2\/users\/1"}],"replies":[{"embeddable":true,"href":"https:\/\/zeffirino-restaurant.com\/tr\/wp-json\/wp\/v2\/comments?post=4722"}],"version-history":[{"count":21,"href":"https:\/\/zeffirino-restaurant.com\/tr\/wp-json\/wp\/v2\/pages\/4722\/revisions"}],"predecessor-version":[{"id":5546,"href":"https:\/\/zeffirino-restaurant.com\/tr\/wp-json\/wp\/v2\/pages\/4722\/revisions\/5546"}],"wp:attachment":[{"href":"https:\/\/zeffirino-restaurant.com\/tr\/wp-json\/wp\/v2\/media?parent=4722"}],"curies":[{"name":"wp","href":"https:\/\/api.w.org\/{rel}","templated":true}]}}