{"id":4571,"date":"2024-01-04T13:13:32","date_gmt":"2024-01-04T13:13:32","guid":{"rendered":"https:\/\/zeffirino-restaurant.com\/informativa-sulla-privacy\/"},"modified":"2025-07-30T12:21:27","modified_gmt":"2025-07-30T12:21:27","slug":"gizlilik-politikasi","status":"publish","type":"page","link":"https:\/\/zeffirino-restaurant.com\/tr\/gizlilik-politikasi\/","title":{"rendered":"Gizlilik Politikas\u0131"},"content":{"rendered":"<div class=\"wpb-content-wrapper\"><p>[vc_row][vc_column][vc_column_text uncode_shortcode_id=&#8221;135730&#8243;]<\/p>\n<h2 data-start=\"158\" data-end=\"189\"><span class=\"font-135913\">Gizlilik Politikas\u0131<\/span><\/h2>\n<p data-start=\"191\" data-end=\"884\"><strong data-start=\"202\" data-end=\"223\">TREBECCA S.A.R.L.<\/strong> \u015firketi, merkezi <strong data-start=\"256\" data-end=\"312\">74 Boulevard d\u2019Italie, Monte\u2011Carlo Sun, 98000 Monaco<\/strong> adresinde bulunan ve <strong data-start=\"357\" data-end=\"374\">\u00ab\u202fZEFFIRINO\u202f\u00bb<\/strong> restoran\u0131 i\u00e7in hizmet sa\u011flay\u0131c\u0131s\u0131 olan bir kurulu\u015ftur. TREBECCA S.A.R.L., ki\u015fisel verilerinizin korunmas\u0131na kendini adam\u0131\u015ft\u0131r. TREBECCA S.A.R.L., Monako Prensli\u011fi\u2019nde ki\u015fisel nitelikteki bilgileri d\u00fczenleyen 23 Aral\u0131k 1993 tarihli (de\u011fi\u015ftirilmi\u015f) 1.165 say\u0131l\u0131 yasaya uymaktad\u0131r.<br \/>\nMonako, 28 Ocak 1981 tarihli Avrupa Konseyi\u2019nin 108 No\u2019lu S\u00f6zle\u015fmesine (ki\u015fisel verilerin otomatik i\u015flenmesi) ve 1 Nisan 2009 tarihinde y\u00fcr\u00fcrl\u00fc\u011fe giren denetim otoriteleri ile s\u0131n\u0131r \u00f6tesi veri ak\u0131\u015flar\u0131na ili\u015fkin ek protokole taraft\u0131r.<\/p>\n<p data-start=\"886\" data-end=\"1261\">TREBECCA S.A.R.L., <strong data-start=\"934\" data-end=\"985\">Genel Veri Koruma Y\u00f6netmeli\u011fi<\/strong> (GDPR) h\u00fck\u00fcmlerini <strong data-start=\"1017\" data-end=\"1032\">25 May\u0131s 2018<\/strong> tarihinden itibaren uygulamaya koymu\u015ftur. Bu politika, \u015feffafl\u0131k ve d\u00fcr\u00fcstl\u00fck ilkesiyle m\u00fc\u015fterilere kar\u015f\u0131 olu\u015fturulmu\u015ftur ve TREBECCA S.A.R.L.&#8217;nin <strong data-start=\"1223\" data-end=\"1260\"><a class=\"\" href=\"https:\/\/zeffirino-restaurant.com\/it\/\" target=\"_new\" rel=\"noopener\" data-start=\"1225\" data-end=\"1258\">https:\/\/zeffirino-restaurant.com\/<\/a><\/strong> sitesi \u00fczerinden verilerinizi nas\u0131l toplad\u0131\u011f\u0131n\u0131, i\u015fledi\u011fini ve korudu\u011funu a\u00e7\u0131klar.<\/p>\n<h3 data-start=\"1263\" data-end=\"1305\"><span class=\"font-135913\">TREBECCA S.A.R.L. ile nas\u0131l ileti\u015fime ge\u00e7ilir?<\/span><\/h3>\n<p data-start=\"1307\" data-end=\"1528\">TREBECCA S.A.R.L., veri koruma ile ilgili konularla ilgilenecek bir Bilgi ve \u00d6zg\u00fcrl\u00fckler Sorumlusu atam\u0131\u015ft\u0131r. Kendisine \u015fu e-posta adresinden ula\u015fabilirsiniz: <strong data-start=\"1473\" data-end=\"1492\"><a class=\"cursor-pointer\" rel=\"noopener\" data-start=\"1475\" data-end=\"1490\">web@giraudi.com<\/a><\/strong> (veya ge\u00e7erli farkl\u0131 bir adres).<\/p>\n<h3 data-start=\"1530\" data-end=\"1578\"><span class=\"font-135913\">Verileriniz neden toplan\u0131yor?<\/span><\/h3>\n<p data-start=\"1580\" data-end=\"1690\">TREBECCA S.A.R.L., site \u00fczerinden yap\u0131lan rezervasyonlar\u0131n do\u011fru \u015fekilde ger\u00e7ekle\u015ftirilmesini sa\u011flamak amac\u0131yla verilerinizi kullan\u0131r.<\/p>\n<h3 data-start=\"1692\" data-end=\"1729\"><span class=\"font-135913\">Hangi veriler toplan\u0131r?<\/span><\/h3>\n<ul data-start=\"1731\" data-end=\"2212\">\n<li data-start=\"1731\" data-end=\"1830\">\n<p data-start=\"1733\" data-end=\"1830\">Site \u00fczerinde sa\u011flad\u0131\u011f\u0131n\u0131z t\u00fcm bilgiler: ad, soyad, telefon numaras\u0131, e\u2011posta adresi.<\/p>\n<\/li>\n<li data-start=\"1831\" data-end=\"1945\">\n<p data-start=\"1833\" data-end=\"1945\">Formda izin verdiyseniz, verileriniz size b\u00fclten veya SMS g\u00f6ndermek i\u00e7in kullan\u0131labilir.<\/p>\n<\/li>\n<li data-start=\"1946\" data-end=\"2073\">\n<p data-start=\"1948\" data-end=\"2073\">Cihaz\u0131n\u0131zda konum \u00f6zelli\u011fini etkinle\u015ftirdiyseniz, size konumunuza \u00f6zel teklifler sunulabilir.<\/p>\n<\/li>\n<li data-start=\"2074\" data-end=\"2212\">\n<p data-start=\"2076\" data-end=\"2212\">Site trafi\u011fini analiz etmek i\u00e7in istatistiksel veriler toplanabilir (g\u00f6r\u00fcnt\u00fclenen sayfalar, ziyaret\u00e7i kaynaklar\u0131 vb.).<\/p>\n<\/li>\n<\/ul>\n<p data-start=\"2214\" data-end=\"2385\">T\u00fcm bu bilgiler TREBECCA S.A.R.L. taraf\u0131ndan saklan\u0131r, yaln\u0131zca dahili olarak kullan\u0131l\u0131r ve beslenme al\u0131\u015fkanl\u0131klar\u0131 d\u0131\u015f\u0131nda hassas veri kategorilerine girmez.<\/p>\n<h3 data-start=\"2387\" data-end=\"2423\"><span class=\"font-135913\">Verilerinize kim eri\u015febilir?<\/span><\/h3>\n<p data-start=\"2425\" data-end=\"2578\">Yaln\u0131zca TREBECCA S.A.R.L.&#8217;nin yetkili hizmet birimleri, taleplerinize yan\u0131t vermek ve sitenin i\u015fleyi\u015fini sa\u011flamak amac\u0131yla verilerinizi i\u015fleyebilir.<\/p>\n<h3 data-start=\"2580\" data-end=\"2615\"><span class=\"font-135913\">Verileriniz nerede bar\u0131nd\u0131r\u0131l\u0131yor?<\/span><\/h3>\n<p data-start=\"2617\" data-end=\"2725\">Verileriniz <strong data-start=\"2648\" data-end=\"2655\">OVH<\/strong> taraf\u0131ndan bar\u0131nd\u0131r\u0131lmaktad\u0131r; merkez ofisi <strong data-start=\"2681\" data-end=\"2724\">2 rue Kellermann, 59100 Roubaix, Fransa<\/strong> adresindedir.<\/p>\n<h3 data-start=\"2727\" data-end=\"2764\"><span class=\"font-135913\">Veri saklama s\u00fcresi<\/span><\/h3>\n<p data-start=\"2766\" data-end=\"2945\">TREBECCA S.A.R.L., verilerinizi yaln\u0131zca topland\u0131klar\u0131 ama\u00e7lar i\u00e7in gerekli olan s\u00fcre boyunca, Monako mevzuat\u0131na ve RGPD\u2019ye uygun \u015fekilde saklar.<\/p>\n<h3 data-start=\"2947\" data-end=\"3000\"><span class=\"font-135913\">Verileriniz \u00fczerindeki haklar\u0131n\u0131z ve bunlar\u0131 nas\u0131l kullanabilirsiniz?<\/span><\/h3>\n<p data-start=\"3002\" data-end=\"3047\">A\u015fa\u011f\u0131daki haklara sahipsiniz:<\/p>\n<ul data-start=\"3048\" data-end=\"3266\">\n<li data-start=\"3048\" data-end=\"3078\">\n<p data-start=\"3050\" data-end=\"3078\">Veri i\u015fleme onay\u0131;<\/p>\n<\/li>\n<li data-start=\"3079\" data-end=\"3102\">\n<p data-start=\"3081\" data-end=\"3102\">Verilerinize eri\u015fim;<\/p>\n<\/li>\n<li data-start=\"3103\" data-end=\"3120\">\n<p data-start=\"3105\" data-end=\"3120\">D\u00fczeltme;<\/p>\n<\/li>\n<li data-start=\"3121\" data-end=\"3135\">\n<p data-start=\"3123\" data-end=\"3135\">Silme;<\/p>\n<\/li>\n<li data-start=\"3136\" data-end=\"3164\">\n<p data-start=\"3138\" data-end=\"3164\">Veri i\u015fleme s\u0131n\u0131rland\u0131rmas\u0131;<\/p>\n<\/li>\n<li data-start=\"3165\" data-end=\"3198\">\n<p data-start=\"3167\" data-end=\"3198\">G\u00fcncellemeler hakk\u0131nda bilgilendirme;<\/p>\n<\/li>\n<li data-start=\"3199\" data-end=\"3266\">\n<p data-start=\"3201\" data-end=\"3266\">Me\u015fru gerek\u00e7elerle veya ticari ama\u00e7l\u0131 ileti\u015fime kar\u015f\u0131 itiraz hakk\u0131.<\/p>\n<\/li>\n<\/ul>\n<p data-start=\"3268\" data-end=\"3413\">Haklar\u0131n\u0131z\u0131 kullanmak i\u00e7in kimli\u011finizi do\u011frulayan bir talebi \u015fu e-posta adresine g\u00f6nderebilirsiniz: <strong data-start=\"3367\" data-end=\"3386\"><a class=\"cursor-pointer\" rel=\"noopener\" data-start=\"3369\" data-end=\"3384\">web@giraudi.com<\/a><\/strong> (veya ge\u00e7erli ba\u015fka bir adres).<\/p>\n<h3 data-start=\"3415\" data-end=\"3442\"><span class=\"font-135913\">Verilerinizin g\u00fcvenli\u011fi<\/span><\/h3>\n<p data-start=\"3444\" data-end=\"3727\">TREBECCA S.A.R.L., verilerinizin yok edilmesi, kaybolmas\u0131, de\u011fi\u015ftirilmesi, if\u015fa edilmesi veya yetkisiz eri\u015fim risklerini \u00f6nlemek i\u00e7in gerekli teknik ve organizasyonel \u00f6nlemleri almaktad\u0131r. Ancak internet kullan\u0131m\u0131na ili\u015fkin t\u00fcm riskler tamamen ortadan kald\u0131r\u0131lamaz.<\/p>\n<h3 data-start=\"3729\" data-end=\"3753\"><span class=\"font-135913\">Denetim otoritesi<\/span><\/h3>\n<p data-start=\"3860\" data-end=\"3996\">TREBECCA S.A.R.L., veri i\u015fleme faaliyetlerini <strong data-start=\"3927\" data-end=\"3995\">Monako Ki\u015fisel Verileri Koruma Kurumu\u2019na (APDP)<\/strong> beyan etmi\u015ftir.<\/p>\n<p data-start=\"3998\" data-end=\"4109\">\ud83d\udccd Adres :<br data-start=\"4010\" data-end=\"4013\" \/><strong data-start=\"4013\" data-end=\"4062\">Le Concorde \u2013 11 rue du Gabian \u2013 98000 MONACO<\/strong><br data-start=\"4062\" data-end=\"4065\" \/>\ud83c\udf10 Web Sitesi : <a class=\"\" href=\"https:\/\/apdp.mc\" target=\"_new\" rel=\"noopener\" data-start=\"4075\" data-end=\"4109\">https:\/\/apdp.mc<\/a><\/p>\n<p>[\/vc_column_text][\/vc_column][\/vc_row]<\/p>\n<\/div>","protected":false},"excerpt":{"rendered":"<p>[vc_row][vc_column][vc_column_text uncode_shortcode_id=&#8221;135730&#8243;] Gizlilik Politikas\u0131 TREBECCA S.A.R.L. \u015firketi, merkezi 74 Boulevard d\u2019Italie, Monte\u2011Carlo Sun, 98000 Monaco adresinde bulunan ve \u00ab\u202fZEFFIRINO\u202f\u00bb restoran\u0131 [&hellip;]<\/p>\n","protected":false},"author":1,"featured_media":0,"parent":0,"menu_order":0,"comment_status":"closed","ping_status":"closed","template":"","meta":{"footnotes":""},"class_list":["post-4571","page","type-page","status-publish","hentry"],"aioseo_notices":[],"_links":{"self":[{"href":"https:\/\/zeffirino-restaurant.com\/tr\/wp-json\/wp\/v2\/pages\/4571","targetHints":{"allow":["GET"]}}],"collection":[{"href":"https:\/\/zeffirino-restaurant.com\/tr\/wp-json\/wp\/v2\/pages"}],"about":[{"href":"https:\/\/zeffirino-restaurant.com\/tr\/wp-json\/wp\/v2\/types\/page"}],"author":[{"embeddable":true,"href":"https:\/\/zeffirino-restaurant.com\/tr\/wp-json\/wp\/v2\/users\/1"}],"replies":[{"embeddable":true,"href":"https:\/\/zeffirino-restaurant.com\/tr\/wp-json\/wp\/v2\/comments?post=4571"}],"version-history":[{"count":4,"href":"https:\/\/zeffirino-restaurant.com\/tr\/wp-json\/wp\/v2\/pages\/4571\/revisions"}],"predecessor-version":[{"id":4574,"href":"https:\/\/zeffirino-restaurant.com\/tr\/wp-json\/wp\/v2\/pages\/4571\/revisions\/4574"}],"wp:attachment":[{"href":"https:\/\/zeffirino-restaurant.com\/tr\/wp-json\/wp\/v2\/media?parent=4571"}],"curies":[{"name":"wp","href":"https:\/\/api.w.org\/{rel}","templated":true}]}}