{"id":3202,"date":"2024-07-26T12:38:09","date_gmt":"2024-07-26T12:38:09","guid":{"rendered":"https:\/\/zeffirino-restaurant.com\/?page_id=3202"},"modified":"2025-07-31T14:18:21","modified_gmt":"2025-07-31T14:18:21","slug":"privatizzazione","status":"publish","type":"page","link":"https:\/\/zeffirino-restaurant.com\/it\/privatizzazione\/","title":{"rendered":"Privatizzazione"},"content":{"rendered":"<div class=\"wpb-content-wrapper\"><p>[vc_row row_height_percent=&#8221;0&#8243; back_color=&#8221;color-203016&#8243; overlay_alpha=&#8221;50&#8243; gutter_size=&#8221;3&#8243; column_width_percent=&#8221;100&#8243; shift_y=&#8221;0&#8243; z_index=&#8221;0&#8243; uncode_shortcode_id=&#8221;318763&#8243; back_color_type=&#8221;uncode-palette&#8221;][vc_column width=&#8221;1\/1&#8243;][vc_row_inner row_inner_height_percent=&#8221;0&#8243; overlay_alpha=&#8221;50&#8243; gutter_size=&#8221;3&#8243; shift_y=&#8221;0&#8243; z_index=&#8221;0&#8243; medium_visibility=&#8221;yes&#8221; mobile_visibility=&#8221;yes&#8221; uncode_shortcode_id=&#8221;106681&#8243;][vc_column_inner column_width_percent=&#8221;100&#8243; align_horizontal=&#8221;align_center&#8221; gutter_size=&#8221;3&#8243; overlay_alpha=&#8221;50&#8243; shift_x=&#8221;0&#8243; shift_y=&#8221;0&#8243; shift_y_down=&#8221;0&#8243; z_index=&#8221;0&#8243; medium_width=&#8221;0&#8243; mobile_width=&#8221;0&#8243; width=&#8221;1\/1&#8243; uncode_shortcode_id=&#8221;123043&#8243;][vc_empty_space empty_h=&#8221;1&#8243;][vc_single_image media=&#8221;195&#8243; media_width_percent=&#8221;3&#8243; alignment=&#8221;center&#8221; uncode_shortcode_id=&#8221;623162&#8243;][\/vc_column_inner][\/vc_row_inner][vc_row_inner row_inner_height_percent=&#8221;0&#8243; overlay_alpha=&#8221;50&#8243; gutter_size=&#8221;3&#8243; shift_y=&#8221;0&#8243; z_index=&#8221;0&#8243; desktop_visibility=&#8221;yes&#8221; uncode_shortcode_id=&#8221;136909&#8243;][vc_column_inner column_width_percent=&#8221;100&#8243; align_horizontal=&#8221;align_center&#8221; gutter_size=&#8221;3&#8243; overlay_alpha=&#8221;50&#8243; shift_x=&#8221;0&#8243; shift_y=&#8221;0&#8243; shift_y_down=&#8221;0&#8243; z_index=&#8221;0&#8243; medium_width=&#8221;0&#8243; mobile_width=&#8221;0&#8243; width=&#8221;1\/1&#8243; uncode_shortcode_id=&#8221;123043&#8243;][vc_single_image media=&#8221;195&#8243; media_width_percent=&#8221;8&#8243; alignment=&#8221;center&#8221; uncode_shortcode_id=&#8221;207807&#8243;][\/vc_column_inner][\/vc_row_inner][vc_row_inner row_inner_height_percent=&#8221;0&#8243; overlay_alpha=&#8221;50&#8243; gutter_size=&#8221;3&#8243; shift_y=&#8221;0&#8243; z_index=&#8221;0&#8243; uncode_shortcode_id=&#8221;946706&#8243;][vc_column_inner column_width_percent=&#8221;100&#8243; align_horizontal=&#8221;align_center&#8221; gutter_size=&#8221;3&#8243; overlay_alpha=&#8221;50&#8243; shift_x=&#8221;0&#8243; shift_y=&#8221;0&#8243; shift_y_down=&#8221;0&#8243; z_index=&#8221;0&#8243; medium_width=&#8221;0&#8243; mobile_width=&#8221;0&#8243; width=&#8221;1\/1&#8243; uncode_shortcode_id=&#8221;123043&#8243;][vc_custom_heading heading_semantic=&#8221;h1&#8243; text_font=&#8221;font-858996&#8243; text_size=&#8221;fontsize-143624&#8243; uncode_shortcode_id=&#8221;330985&#8243;]Gli eventi  la privatizzazione[\/vc_custom_heading][vc_custom_heading text_size=&#8221;h1&#8243; uncode_shortcode_id=&#8221;166014&#8243;]Siate nostri ospiti[\/vc_custom_heading][vc_empty_space empty_h=&#8221;2&#8243;][vc_column_text uncode_shortcode_id=&#8221;577224&#8243;]<span class=\"font-135913\">Allo Zeffirino siamo specializzati nel creare esperienze indimenticabili per le vostre occasioni speciali. Che stiate pianificando una riunione intima, un evento aziendale o una grande festa, il nostro elegante ristorante offre la cornice perfetta per ogni occasione. <\/span>[\/vc_column_text][vc_button button_color=&#8221;color-728538&#8243; size=&#8221;btn-lg&#8221; custom_typo=&#8221;yes&#8221; font_family=&#8221;font-135913&#8243; font_weight=&#8221;100&#8243; border_width=&#8221;0&#8243; button_color_type=&#8221;uncode-palette&#8221; uncode_shortcode_id=&#8221;209115&#8243; link=&#8221;url:https%3A%2F%2Fwww.riccardogiraudi.com%2Fgroups-parties%2F|target:_blank|&#8221;]Richiedi un preventivo[\/vc_button][\/vc_column_inner][\/vc_row_inner][vc_empty_space][\/vc_column][\/vc_row][vc_row unlock_row_content=&#8221;yes&#8221; row_height_percent=&#8221;30&#8243; override_padding=&#8221;yes&#8221; h_padding=&#8221;0&#8243; top_padding=&#8221;0&#8243; bottom_padding=&#8221;0&#8243; back_image=&#8221;3117&#8243; parallax=&#8221;yes&#8221; overlay_color=&#8221;color-jevc&#8221; overlay_alpha=&#8221;30&#8243; gutter_size=&#8221;3&#8243; column_width_percent=&#8221;100&#8243; shift_y=&#8221;0&#8243; z_index=&#8221;0&#8243; uncode_shortcode_id=&#8221;921033&#8243; overlay_color_type=&#8221;uncode-palette&#8221;][vc_column width=&#8221;1\/1&#8243;][vc_empty_space empty_h=&#8221;5&#8243;][\/vc_column][\/vc_row][vc_row row_height_percent=&#8221;0&#8243; back_color=&#8221;color-176076&#8243; overlay_alpha=&#8221;50&#8243; gutter_size=&#8221;3&#8243; column_width_percent=&#8221;100&#8243; shift_y=&#8221;0&#8243; z_index=&#8221;0&#8243; uncode_shortcode_id=&#8221;477556&#8243; back_color_type=&#8221;uncode-palette&#8221;][vc_column width=&#8221;1\/1&#8243;][vc_empty_space empty_h=&#8221;0&#8243;][vc_separator sep_color=&#8221;color-728538&#8243; uncode_shortcode_id=&#8221;132207&#8243; sep_color_type=&#8221;uncode-palette&#8221;][vc_empty_space empty_h=&#8221;1&#8243;][vc_row_inner][vc_column_inner column_width_percent=&#8221;100&#8243; align_horizontal=&#8221;align_center&#8221; gutter_size=&#8221;3&#8243; overlay_alpha=&#8221;50&#8243; shift_x=&#8221;0&#8243; shift_y=&#8221;0&#8243; shift_y_down=&#8221;0&#8243; z_index=&#8221;0&#8243; medium_width=&#8221;0&#8243; mobile_width=&#8221;0&#8243; width=&#8221;1\/1&#8243; uncode_shortcode_id=&#8221;123043&#8243;][vc_custom_heading text_size=&#8221;h1&#8243; uncode_shortcode_id=&#8221;163662&#8243;]Zeffirino&#8217;s[\/vc_custom_heading][vc_single_image media=&#8221;195&#8243; media_width_percent=&#8221;3&#8243; alignment=&#8221;center&#8221; uncode_shortcode_id=&#8221;623162&#8243;][vc_empty_space empty_h=&#8221;2&#8243;][vc_column_text uncode_shortcode_id=&#8221;808894&#8243;]<span class=\"font-135913\">Se una delle caratteristiche principali della cucina italiana \u00e8 la semplicit\u00e0, la ricetta del successo di Zeffirino \u00e8 la famiglia. Nel cuore di Genova, Zeffirino Belloni, sua moglie Olga e i loro 5 figli Gianpaolo, Luciano, Odino, Alberto e Giorgio, insieme alle nuore Giannina, Livia e Renata, hanno creato un marchio riconosciuto a livello internazionale. <\/span>[\/vc_column_text][\/vc_column_inner][\/vc_row_inner][vc_empty_space empty_h=&#8221;0&#8243;][vc_separator sep_color=&#8221;color-728538&#8243; uncode_shortcode_id=&#8221;132207&#8243; sep_color_type=&#8221;uncode-palette&#8221;][vc_empty_space empty_h=&#8221;0&#8243;][\/vc_column][\/vc_row][vc_row row_height_percent=&#8221;100&#8243; override_padding=&#8221;yes&#8221; h_padding=&#8221;2&#8243; top_padding=&#8221;0&#8243; bottom_padding=&#8221;2&#8243; overlay_color=&#8221;color-176076&#8243; overlay_alpha=&#8221;50&#8243; gutter_size=&#8221;3&#8243; column_width_percent=&#8221;100&#8243; shift_y=&#8221;0&#8243; z_index=&#8221;0&#8243; uncode_shortcode_id=&#8221;157685&#8243; row_name=&#8221;famille&#8221; overlay_color_type=&#8221;uncode-palette&#8221;][vc_column column_width_percent=&#8221;100&#8243; align_horizontal=&#8221;align_center&#8221; gutter_size=&#8221;3&#8243; overlay_alpha=&#8221;50&#8243; shift_x=&#8221;0&#8243; shift_y=&#8221;0&#8243; shift_y_down=&#8221;0&#8243; z_index=&#8221;0&#8243; medium_width=&#8221;0&#8243; mobile_width=&#8221;0&#8243; width=&#8221;1\/1&#8243; uncode_shortcode_id=&#8221;166797&#8243;][vc_empty_space empty_h=&#8221;0&#8243;][vc_row_inner][vc_column_inner column_width_percent=&#8221;100&#8243; align_horizontal=&#8221;align_center&#8221; gutter_size=&#8221;3&#8243; overlay_alpha=&#8221;50&#8243; border_color=&#8221;color-728538&#8243; border_style=&#8221;solid&#8221; shift_x=&#8221;0&#8243; shift_y=&#8221;0&#8243; shift_y_down=&#8221;0&#8243; z_index=&#8221;0&#8243; medium_width=&#8221;0&#8243; mobile_width=&#8221;0&#8243; width=&#8221;1\/6&#8243; uncode_shortcode_id=&#8221;112104&#8243; border_color_type=&#8221;uncode-palette&#8221;][vc_custom_heading heading_semantic=&#8221;div&#8221; text_font=&#8221;font-135913&#8243; uncode_shortcode_id=&#8221;131216&#8243;]1[\/vc_custom_heading][vc_custom_heading heading_semantic=&#8221;p&#8221; text_font=&#8221;font-135913&#8243; text_size=&#8221;fontsize-499108&#8243; uncode_shortcode_id=&#8221;109626&#8243;]Cucina<br \/>\nitaliana eccezionale[\/vc_custom_heading][vc_column_text uncode_shortcode_id=&#8221;584540&#8243;]<span class=\"font-135913\">Dal 1939, Zeffirino \u00e8 orgoglioso di offrire una squisita esperienza culinaria. I nostri chef utilizzano i migliori ingredienti per creare piatti autentici e saporiti che delizieranno il vostro palato. <\/span>[\/vc_column_text][\/vc_column_inner][vc_column_inner column_width_percent=&#8221;100&#8243; gutter_size=&#8221;3&#8243; overlay_alpha=&#8221;50&#8243; shift_x=&#8221;0&#8243; shift_y=&#8221;0&#8243; shift_y_down=&#8221;0&#8243; z_index=&#8221;0&#8243; medium_width=&#8221;0&#8243; mobile_width=&#8221;0&#8243; width=&#8221;1\/6&#8243; uncode_shortcode_id=&#8221;120229&#8243;][vc_empty_space empty_h=&#8221;0&#8243;][vc_separator sep_color=&#8221;color-728538&#8243; uncode_shortcode_id=&#8221;137273&#8243; sep_color_type=&#8221;uncode-palette&#8221;][\/vc_column_inner][vc_column_inner column_width_percent=&#8221;100&#8243; align_horizontal=&#8221;align_center&#8221; gutter_size=&#8221;3&#8243; overlay_alpha=&#8221;50&#8243; shift_x=&#8221;0&#8243; shift_y=&#8221;0&#8243; shift_y_down=&#8221;0&#8243; z_index=&#8221;0&#8243; medium_width=&#8221;0&#8243; mobile_width=&#8221;0&#8243; width=&#8221;1\/6&#8243; uncode_shortcode_id=&#8221;898241&#8243;][vc_custom_heading heading_semantic=&#8221;div&#8221; text_font=&#8221;font-135913&#8243; uncode_shortcode_id=&#8221;244991&#8243;]2[\/vc_custom_heading][vc_custom_heading heading_semantic=&#8221;p&#8221; text_font=&#8221;font-135913&#8243; text_size=&#8221;fontsize-499108&#8243; uncode_shortcode_id=&#8221;598726&#8243;]Atmosfera<br \/>\nelegante[\/vc_custom_heading][vc_column_text uncode_shortcode_id=&#8221;274841&#8243;]<span class=\"font-135913\">Il nostro ristorante offre un&#8217;atmosfera sofisticata e accogliente, ideale per ogni occasione. Che siate qui per una cena romantica o per un evento festoso, Zeffirino offre una splendida cornice che valorizza la vostra esperienza culinaria. <\/span>[\/vc_column_text][\/vc_column_inner][vc_column_inner column_width_percent=&#8221;100&#8243; gutter_size=&#8221;3&#8243; overlay_alpha=&#8221;50&#8243; shift_x=&#8221;0&#8243; shift_y=&#8221;0&#8243; shift_y_down=&#8221;0&#8243; z_index=&#8221;0&#8243; medium_width=&#8221;0&#8243; mobile_width=&#8221;0&#8243; width=&#8221;1\/6&#8243; uncode_shortcode_id=&#8221;814233&#8243;][vc_empty_space empty_h=&#8221;0&#8243;][vc_separator sep_color=&#8221;color-728538&#8243; uncode_shortcode_id=&#8221;137273&#8243; sep_color_type=&#8221;uncode-palette&#8221;][\/vc_column_inner][vc_column_inner column_width_percent=&#8221;100&#8243; align_horizontal=&#8221;align_center&#8221; gutter_size=&#8221;3&#8243; overlay_alpha=&#8221;50&#8243; shift_x=&#8221;0&#8243; shift_y=&#8221;0&#8243; shift_y_down=&#8221;0&#8243; z_index=&#8221;0&#8243; medium_width=&#8221;0&#8243; mobile_width=&#8221;0&#8243; width=&#8221;1\/6&#8243; uncode_shortcode_id=&#8221;845932&#8243;][vc_custom_heading heading_semantic=&#8221;div&#8221; text_font=&#8221;font-135913&#8243; uncode_shortcode_id=&#8221;316658&#8243;]3[\/vc_custom_heading][vc_custom_heading heading_semantic=&#8221;p&#8221; text_font=&#8221;font-135913&#8243; text_size=&#8221;fontsize-499108&#8243; uncode_shortcode_id=&#8221;856618&#8243;]Servizio<br \/>\npersonalizzato[\/vc_custom_heading][vc_column_text uncode_shortcode_id=&#8221;206060&#8243;]<span class=\"font-135913\">Il nostro ristorante offre un\u2019atmosfera sofisticata e accogliente, ideale per ogni occasione. Che si tratti di una cena romantica o di un evento festivo, Zeffirino vi accoglie in un ambiente magnifico che valorizza la vostra esperienza gastronomica. <\/span>[\/vc_column_text][\/vc_column_inner][\/vc_row_inner][vc_empty_space empty_h=&#8221;2&#8243;][vc_single_image media=&#8221;3153&#8243; media_width_percent=&#8221;100&#8243; alignment=&#8221;center&#8221; uncode_shortcode_id=&#8221;184518&#8243;][\/vc_column][\/vc_row][vc_row row_height_percent=&#8221;0&#8243; back_color=&#8221;color-176076&#8243; overlay_alpha=&#8221;50&#8243; gutter_size=&#8221;3&#8243; column_width_percent=&#8221;100&#8243; shift_y=&#8221;0&#8243; z_index=&#8221;0&#8243; uncode_shortcode_id=&#8221;477556&#8243; back_color_type=&#8221;uncode-palette&#8221;][vc_column width=&#8221;1\/1&#8243;][vc_empty_space empty_h=&#8221;0&#8243;][vc_separator sep_color=&#8221;color-728538&#8243; uncode_shortcode_id=&#8221;132207&#8243; sep_color_type=&#8221;uncode-palette&#8221;][vc_empty_space empty_h=&#8221;1&#8243;][vc_row_inner][vc_column_inner column_width_percent=&#8221;100&#8243; align_horizontal=&#8221;align_center&#8221; gutter_size=&#8221;3&#8243; overlay_alpha=&#8221;50&#8243; shift_x=&#8221;0&#8243; shift_y=&#8221;0&#8243; shift_y_down=&#8221;0&#8243; z_index=&#8221;0&#8243; medium_width=&#8221;0&#8243; mobile_width=&#8221;0&#8243; width=&#8221;1\/1&#8243; uncode_shortcode_id=&#8221;123043&#8243;][vc_custom_heading text_size=&#8221;h1&#8243; uncode_shortcode_id=&#8221;155680&#8243;]Servizio incluso e opzioni[\/vc_custom_heading][vc_single_image media=&#8221;195&#8243; media_width_percent=&#8221;3&#8243; alignment=&#8221;center&#8221; uncode_shortcode_id=&#8221;623162&#8243;][vc_empty_space empty_h=&#8221;2&#8243;][vc_column_text uncode_shortcode_id=&#8221;131938&#8243;]Da Zeffirino, ci impegniamo a rendere il vostro evento davvero eccezionale. Che si tratti di un evento aziendale, di un matrimonio, di una festa di compleanno o di qualsiasi altra occasione speciale, offriamo una gamma completa di servizi per garantire un\u2019esperienza impeccabile e indimenticabile. <\/p>\n<p>Coordinazione eventi personalizzata | Esperienza culinaria squisita | Atmosfera elegante e decorazioni raffinate | Servizio impeccabile<\/p>\n<p>Servizi aggiuntivi come musica dal vivo, fotografo, opzioni di intrattenimento e dettagli extra possono essere forniti su richiesta.<\/p>\n<p><span class=\"font-135913\"> <\/span>[\/vc_column_text][\/vc_column_inner][\/vc_row_inner][vc_empty_space empty_h=&#8221;0&#8243;][vc_separator sep_color=&#8221;color-728538&#8243; uncode_shortcode_id=&#8221;132207&#8243; sep_color_type=&#8221;uncode-palette&#8221;][vc_empty_space empty_h=&#8221;3&#8243;][\/vc_column][\/vc_row][vc_row unlock_row_content=&#8221;yes&#8221; row_height_percent=&#8221;30&#8243; back_image=&#8221;3164&#8243; parallax=&#8221;yes&#8221; overlay_color=&#8221;color-jevc&#8221; overlay_alpha=&#8221;30&#8243; gutter_size=&#8221;3&#8243; column_width_percent=&#8221;100&#8243; shift_y=&#8221;0&#8243; z_index=&#8221;0&#8243; medium_visibility=&#8221;yes&#8221; mobile_visibility=&#8221;yes&#8221; uncode_shortcode_id=&#8221;465682&#8243; overlay_color_type=&#8221;uncode-palette&#8221;][vc_column width=&#8221;1\/1&#8243;][\/vc_column][\/vc_row][vc_row row_height_percent=&#8221;0&#8243; back_color=&#8221;color-203016&#8243; overlay_alpha=&#8221;50&#8243; gutter_size=&#8221;3&#8243; column_width_percent=&#8221;100&#8243; shift_y=&#8221;0&#8243; z_index=&#8221;0&#8243; uncode_shortcode_id=&#8221;318763&#8243; back_color_type=&#8221;uncode-palette&#8221;][vc_column width=&#8221;1\/1&#8243;][vc_empty_space empty_h=&#8221;2&#8243;][vc_row_inner row_inner_height_percent=&#8221;0&#8243; overlay_alpha=&#8221;50&#8243; gutter_size=&#8221;3&#8243; shift_y=&#8221;0&#8243; z_index=&#8221;0&#8243; medium_visibility=&#8221;yes&#8221; mobile_visibility=&#8221;yes&#8221; uncode_shortcode_id=&#8221;106681&#8243;][vc_column_inner column_width_percent=&#8221;100&#8243; align_horizontal=&#8221;align_center&#8221; gutter_size=&#8221;3&#8243; overlay_alpha=&#8221;50&#8243; shift_x=&#8221;0&#8243; shift_y=&#8221;0&#8243; shift_y_down=&#8221;0&#8243; z_index=&#8221;0&#8243; medium_width=&#8221;0&#8243; mobile_width=&#8221;0&#8243; width=&#8221;1\/1&#8243; uncode_shortcode_id=&#8221;123043&#8243;][vc_custom_heading text_size=&#8221;h1&#8243; uncode_shortcode_id=&#8221;144885&#8243;]I nostri ristoranti[\/vc_custom_heading][vc_empty_space empty_h=&#8221;1&#8243;][vc_single_image media=&#8221;195&#8243; media_width_percent=&#8221;3&#8243; alignment=&#8221;center&#8221; uncode_shortcode_id=&#8221;623162&#8243;][vc_column_text uncode_shortcode_id=&#8221;126020&#8243;]<span class=\"font-135913\">Che si tratti di Parigi, Monaco o Genova, i versatili spazi di Zeffirino possono essere parzialmente o completamente privatizzati, offrendo un ambiente esclusivo e intimo ai vostri ospiti. Le nostre location privilegiate offrono la cornice ideale per qualsiasi evento, combinando il fascino e l&#8217;eleganza di queste citt\u00e0 iconiche con l&#8217;eccellente servizio e la cucina per cui Zeffirino \u00e8 rinomato. <\/span>[\/vc_column_text][\/vc_column_inner][\/vc_row_inner][vc_empty_space][vc_row_inner][vc_column_inner column_width_percent=&#8221;100&#8243; align_horizontal=&#8221;align_center&#8221; gutter_size=&#8221;3&#8243; overlay_alpha=&#8221;50&#8243; shift_x=&#8221;0&#8243; shift_y=&#8221;0&#8243; shift_y_down=&#8221;0&#8243; z_index=&#8221;0&#8243; medium_width=&#8221;0&#8243; mobile_width=&#8221;0&#8243; width=&#8221;1\/4&#8243; uncode_shortcode_id=&#8221;207874&#8243;][vc_single_image media=&#8221;3171&#8243; media_width_percent=&#8221;100&#8243; uncode_shortcode_id=&#8221;155840&#8243;][vc_single_image media=&#8221;195&#8243; media_width_percent=&#8221;10&#8243; alignment=&#8221;center&#8221; uncode_shortcode_id=&#8221;577588&#8243;][vc_custom_heading text_color=&#8221;color-725527&#8243; heading_semantic=&#8221;h3&#8243; text_font=&#8221;font-207359&#8243; uncode_shortcode_id=&#8221;104238&#8243; text_color_type=&#8221;uncode-palette&#8221;]Parigi[\/vc_custom_heading][vc_button button_color=&#8221;color-725527&#8243; size=&#8221;link&#8221; btn_link_size=&#8221;h4&#8243; btn_link_underline=&#8221;btn-underline-out&#8221; custom_typo=&#8221;yes&#8221; font_family=&#8221;font-135913&#8243; font_weight=&#8221;100&#8243; text_transform=&#8221;uppercase&#8221; link=&#8221;url:https%3A%2F%2Fzeffirino-restaurant.com%2Fit%2Fparigi%2F|title:Parigi|&#8221; button_color_type=&#8221;uncode-palette&#8221; uncode_shortcode_id=&#8221;124339&#8243;]SCOPRITE DI PI\u00d9[\/vc_button][\/vc_column_inner][vc_column_inner column_width_percent=&#8221;100&#8243; align_horizontal=&#8221;align_center&#8221; gutter_size=&#8221;3&#8243; overlay_alpha=&#8221;50&#8243; shift_x=&#8221;0&#8243; shift_y=&#8221;0&#8243; shift_y_down=&#8221;0&#8243; z_index=&#8221;0&#8243; medium_width=&#8221;0&#8243; mobile_width=&#8221;0&#8243; width=&#8221;1\/4&#8243; uncode_shortcode_id=&#8221;777263&#8243;][vc_single_image media=&#8221;3168&#8243; media_width_percent=&#8221;100&#8243; uncode_shortcode_id=&#8221;186485&#8243;][vc_single_image media=&#8221;195&#8243; media_width_percent=&#8221;10&#8243; alignment=&#8221;center&#8221; uncode_shortcode_id=&#8221;577588&#8243;][vc_custom_heading text_color=&#8221;color-725527&#8243; heading_semantic=&#8221;h3&#8243; text_font=&#8221;font-207359&#8243; uncode_shortcode_id=&#8221;150613&#8243; text_color_type=&#8221;uncode-palette&#8221;]Monaco[\/vc_custom_heading][vc_button button_color=&#8221;color-725527&#8243; size=&#8221;link&#8221; btn_link_size=&#8221;h4&#8243; btn_link_underline=&#8221;btn-underline-out&#8221; custom_typo=&#8221;yes&#8221; font_family=&#8221;font-135913&#8243; font_weight=&#8221;100&#8243; text_transform=&#8221;uppercase&#8221; link=&#8221;url:https%3A%2F%2Fzeffirino-restaurant.com%2Fit%2Fmonaco%2F|title:Monaco|&#8221; button_color_type=&#8221;uncode-palette&#8221; uncode_shortcode_id=&#8221;488470&#8243;]SCOPRITE DI PI\u00d9[\/vc_button][\/vc_column_inner][vc_column_inner column_width_percent=&#8221;100&#8243; align_horizontal=&#8221;align_center&#8221; gutter_size=&#8221;3&#8243; overlay_alpha=&#8221;50&#8243; shift_x=&#8221;0&#8243; shift_y=&#8221;0&#8243; shift_y_down=&#8221;0&#8243; z_index=&#8221;0&#8243; medium_width=&#8221;0&#8243; mobile_width=&#8221;0&#8243; width=&#8221;1\/4&#8243; uncode_shortcode_id=&#8221;146844&#8243;][vc_single_image media=&#8221;3174&#8243; media_width_percent=&#8221;100&#8243; uncode_shortcode_id=&#8221;138304&#8243;][vc_single_image media=&#8221;195&#8243; media_width_percent=&#8221;10&#8243; alignment=&#8221;center&#8221; uncode_shortcode_id=&#8221;577588&#8243;][vc_custom_heading text_color=&#8221;color-725527&#8243; heading_semantic=&#8221;h3&#8243; text_font=&#8221;font-207359&#8243; uncode_shortcode_id=&#8221;561711&#8243; text_color_type=&#8221;uncode-palette&#8221;]Genoa[\/vc_custom_heading][vc_button button_color=&#8221;color-725527&#8243; size=&#8221;link&#8221; btn_link_size=&#8221;h4&#8243; btn_link_underline=&#8221;btn-underline-out&#8221; custom_typo=&#8221;yes&#8221; font_family=&#8221;font-135913&#8243; font_weight=&#8221;100&#8243; text_transform=&#8221;uppercase&#8221; link=&#8221;url:https%3A%2F%2Fzeffirino-restaurant.com%2Fit%2Fgenova%2F|title:Parigi|&#8221; button_color_type=&#8221;uncode-palette&#8221; uncode_shortcode_id=&#8221;256805&#8243;]SCOPRITE DI PI\u00d9[\/vc_button][\/vc_column_inner][vc_column_inner column_width_percent=&#8221;100&#8243; align_horizontal=&#8221;align_center&#8221; gutter_size=&#8221;3&#8243; overlay_alpha=&#8221;50&#8243; shift_x=&#8221;0&#8243; shift_y=&#8221;0&#8243; shift_y_down=&#8221;0&#8243; z_index=&#8221;0&#8243; medium_width=&#8221;0&#8243; mobile_width=&#8221;0&#8243; width=&#8221;1\/4&#8243; uncode_shortcode_id=&#8221;304105&#8243;][vc_single_image media=&#8221;5011&#8243; media_width_percent=&#8221;100&#8243; uncode_shortcode_id=&#8221;176543&#8243;][vc_single_image media=&#8221;195&#8243; media_width_percent=&#8221;10&#8243; alignment=&#8221;center&#8221; uncode_shortcode_id=&#8221;577588&#8243;][vc_custom_heading text_color=&#8221;color-725527&#8243; heading_semantic=&#8221;h3&#8243; text_font=&#8221;font-207359&#8243; uncode_shortcode_id=&#8221;128880&#8243; text_color_type=&#8221;uncode-palette&#8221;]Istanbul[\/vc_custom_heading][vc_button button_color=&#8221;color-725527&#8243; size=&#8221;link&#8221; btn_link_size=&#8221;h4&#8243; btn_link_underline=&#8221;btn-underline-out&#8221; custom_typo=&#8221;yes&#8221; font_family=&#8221;font-135913&#8243; font_weight=&#8221;100&#8243; text_transform=&#8221;uppercase&#8221; link=&#8221;url:https%3A%2F%2Fzeffirino-restaurant.com%2Fit%2Fistanbul%2F|title:Parigi|&#8221; button_color_type=&#8221;uncode-palette&#8221; uncode_shortcode_id=&#8221;129376&#8243;]SCOPRITE DI PI\u00d9[\/vc_button][\/vc_column_inner][\/vc_row_inner][vc_empty_space empty_h=&#8221;3&#8243;][\/vc_column][\/vc_row][vc_row row_height_percent=&#8221;0&#8243; back_color=&#8221;color-176076&#8243; overlay_alpha=&#8221;50&#8243; gutter_size=&#8221;3&#8243; column_width_percent=&#8221;100&#8243; shift_y=&#8221;0&#8243; z_index=&#8221;0&#8243; uncode_shortcode_id=&#8221;477556&#8243; back_color_type=&#8221;uncode-palette&#8221;][vc_column width=&#8221;1\/1&#8243;][vc_empty_space empty_h=&#8221;0&#8243;][vc_separator sep_color=&#8221;color-728538&#8243; uncode_shortcode_id=&#8221;132207&#8243; sep_color_type=&#8221;uncode-palette&#8221;][vc_empty_space empty_h=&#8221;1&#8243;][vc_row_inner][vc_column_inner column_width_percent=&#8221;100&#8243; align_horizontal=&#8221;align_center&#8221; gutter_size=&#8221;3&#8243; overlay_alpha=&#8221;50&#8243; shift_x=&#8221;0&#8243; shift_y=&#8221;0&#8243; shift_y_down=&#8221;0&#8243; z_index=&#8221;0&#8243; medium_width=&#8221;0&#8243; mobile_width=&#8221;0&#8243; width=&#8221;1\/1&#8243; uncode_shortcode_id=&#8221;123043&#8243;][vc_custom_heading text_size=&#8221;h1&#8243; uncode_shortcode_id=&#8221;936306&#8243;]Contattateci[\/vc_custom_heading][vc_empty_space empty_h=&#8221;2&#8243;][vc_column_text uncode_shortcode_id=&#8221;126015&#8243;]Siete pronti a pianificare il vostro evento in uno dei nostri ristoranti Zeffirino?<br \/>\nContattateci oggi stesso per discutere delle vostre esigenze e vi aiuteremo a realizzare il vostro progetto. Il nostro team \u00e8 ansioso di aiutarvi a creare un evento eccezionale che i vostri ospiti ricorderanno per anni.[\/vc_column_text][vc_button button_color=&#8221;color-728538&#8243; size=&#8221;btn-lg&#8221; custom_typo=&#8221;yes&#8221; font_family=&#8221;font-135913&#8243; font_weight=&#8221;100&#8243; border_width=&#8221;0&#8243; button_color_type=&#8221;uncode-palette&#8221; uncode_shortcode_id=&#8221;148796&#8243; link=&#8221;url:tel%3A%2B37793104242%20|&#8221;]Contattateci[\/vc_button][\/vc_column_inner][\/vc_row_inner][vc_empty_space empty_h=&#8221;0&#8243;][vc_separator sep_color=&#8221;color-728538&#8243; uncode_shortcode_id=&#8221;132207&#8243; sep_color_type=&#8221;uncode-palette&#8221;][vc_empty_space empty_h=&#8221;2&#8243;][\/vc_column][\/vc_row]<\/p>\n<\/div>","protected":false},"excerpt":{"rendered":"<p>[vc_row row_height_percent=&#8221;0&#8243; back_color=&#8221;color-203016&#8243; overlay_alpha=&#8221;50&#8243; gutter_size=&#8221;3&#8243; column_width_percent=&#8221;100&#8243; shift_y=&#8221;0&#8243; z_index=&#8221;0&#8243; uncode_shortcode_id=&#8221;318763&#8243; back_color_type=&#8221;uncode-palette&#8221;][vc_column width=&#8221;1\/1&#8243;][vc_row_inner row_inner_height_percent=&#8221;0&#8243; overlay_alpha=&#8221;50&#8243; gutter_size=&#8221;3&#8243; shift_y=&#8221;0&#8243; z_index=&#8221;0&#8243; medium_visibility=&#8221;yes&#8221; mobile_visibility=&#8221;yes&#8221; uncode_shortcode_id=&#8221;106681&#8243;][vc_column_inner column_width_percent=&#8221;100&#8243; [&hellip;]<\/p>\n","protected":false},"author":1,"featured_media":0,"parent":0,"menu_order":0,"comment_status":"closed","ping_status":"closed","template":"","meta":{"footnotes":""},"class_list":["post-3202","page","type-page","status-publish","hentry"],"aioseo_notices":[],"_links":{"self":[{"href":"https:\/\/zeffirino-restaurant.com\/it\/wp-json\/wp\/v2\/pages\/3202","targetHints":{"allow":["GET"]}}],"collection":[{"href":"https:\/\/zeffirino-restaurant.com\/it\/wp-json\/wp\/v2\/pages"}],"about":[{"href":"https:\/\/zeffirino-restaurant.com\/it\/wp-json\/wp\/v2\/types\/page"}],"author":[{"embeddable":true,"href":"https:\/\/zeffirino-restaurant.com\/it\/wp-json\/wp\/v2\/users\/1"}],"replies":[{"embeddable":true,"href":"https:\/\/zeffirino-restaurant.com\/it\/wp-json\/wp\/v2\/comments?post=3202"}],"version-history":[{"count":6,"href":"https:\/\/zeffirino-restaurant.com\/it\/wp-json\/wp\/v2\/pages\/3202\/revisions"}],"predecessor-version":[{"id":5020,"href":"https:\/\/zeffirino-restaurant.com\/it\/wp-json\/wp\/v2\/pages\/3202\/revisions\/5020"}],"wp:attachment":[{"href":"https:\/\/zeffirino-restaurant.com\/it\/wp-json\/wp\/v2\/media?parent=3202"}],"curies":[{"name":"wp","href":"https:\/\/api.w.org\/{rel}","templated":true}]}}